{"id":1148,"date":"2022-11-28T17:25:09","date_gmt":"2022-11-28T20:25:09","guid":{"rendered":"https:\/\/battecnologia.agenciaseujao.com\/?page_id=1148"},"modified":"2023-04-28T18:34:12","modified_gmt":"2023-04-28T21:34:12","slug":"inventario-mega","status":"publish","type":"page","link":"https:\/\/battecnologia.com\/site\/inventario-mega\/","title":{"rendered":"Plataforma Invent\u00e1rio Mega  &#8211; .BAT Tecnologia"},"content":{"rendered":"\t\t<div data-elementor-type=\"wp-page\" data-elementor-id=\"1148\" class=\"elementor elementor-1148\">\n\t\t\t\t<div class=\"elementor-element elementor-element-d12966c e-con-full elementor-hidden-tablet elementor-hidden-mobile e-flex e-con e-parent\" data-id=\"d12966c\" data-element_type=\"container\">\n\t\t\t\t<div class=\"elementor-element elementor-element-28326d9 elementor-widget elementor-widget-image\" data-id=\"28326d9\" data-element_type=\"widget\" data-widget_type=\"image.default\">\n\t\t\t\t<div class=\"elementor-widget-container\">\n\t\t\t\t\t\t\t\t\t\t\t\t\t\t\t<img fetchpriority=\"high\" decoding=\"async\" width=\"800\" height=\"209\" src=\"https:\/\/battecnologia.com\/site\/wp-content\/uploads\/2022\/12\/BANNER-BAT7_1-1024x267-1.png\" class=\"attachment-large size-large wp-image-1450\" alt=\"\" srcset=\"https:\/\/battecnologia.com\/site\/wp-content\/uploads\/2022\/12\/BANNER-BAT7_1-1024x267-1.png 1024w, https:\/\/battecnologia.com\/site\/wp-content\/uploads\/2022\/12\/BANNER-BAT7_1-1024x267-1-300x78.png 300w, https:\/\/battecnologia.com\/site\/wp-content\/uploads\/2022\/12\/BANNER-BAT7_1-1024x267-1-768x200.png 768w\" sizes=\"(max-width: 800px) 100vw, 800px\" \/>\t\t\t\t\t\t\t\t\t\t\t\t\t\t\t<\/div>\n\t\t\t\t<\/div>\n\t\t\t\t<\/div>\n\t\t<div class=\"elementor-element elementor-element-6127b0b e-flex e-con-boxed e-con e-parent\" data-id=\"6127b0b\" data-element_type=\"container\">\n\t\t\t\t\t<div class=\"e-con-inner\">\n\t\t<div class=\"elementor-element elementor-element-b7922a8 e-con-full e-flex e-con e-parent\" data-id=\"b7922a8\" data-element_type=\"container\">\n\t\t\t\t<div class=\"elementor-element elementor-element-3cec63e elementor-widget elementor-widget-heading\" data-id=\"3cec63e\" data-element_type=\"widget\" data-widget_type=\"heading.default\">\n\t\t\t\t<div class=\"elementor-widget-container\">\n\t\t\t\t\t<h2 class=\"elementor-heading-title elementor-size-default\">Para que serve a plataforma?<\/h2>\t\t\t\t<\/div>\n\t\t\t\t<\/div>\n\t\t\t\t<div class=\"elementor-element elementor-element-e357cf2 elementor-widget elementor-widget-text-editor\" data-id=\"e357cf2\" data-element_type=\"widget\" data-widget_type=\"text-editor.default\">\n\t\t\t\t<div class=\"elementor-widget-container\">\n\t\t\t\t\t\t\t\t\t<p><b>OTIMIZA O PROCESSO DE INVENT\u00c1RIO DE ESTOQUE EM EQUIPES PR\u00d3PRIAS OU PRESTADORES DE SERVI\u00c7OS<\/b><\/p>\t\t\t\t\t\t\t\t<\/div>\n\t\t\t\t<\/div>\n\t\t\t\t<\/div>\n\t\t<div class=\"elementor-element elementor-element-a9387f2 e-flex e-con-boxed e-con e-parent\" data-id=\"a9387f2\" data-element_type=\"container\">\n\t\t\t\t\t<div class=\"e-con-inner\">\n\t\t<div class=\"elementor-element elementor-element-89f7c5d e-flex e-con-boxed e-con e-parent\" data-id=\"89f7c5d\" data-element_type=\"container\">\n\t\t\t\t\t<div class=\"e-con-inner\">\n\t\t\t\t<div class=\"elementor-element elementor-element-8c3edf6 elementor-widget__width-initial elementor-view-default elementor-position-top elementor-mobile-position-top elementor-widget elementor-widget-icon-box\" data-id=\"8c3edf6\" data-element_type=\"widget\" data-widget_type=\"icon-box.default\">\n\t\t\t\t<div class=\"elementor-widget-container\">\n\t\t\t\t\t\t\t<div class=\"elementor-icon-box-wrapper\">\n\n\t\t\t\t\t\t<div class=\"elementor-icon-box-icon\">\n\t\t\t\t<span  class=\"elementor-icon\">\n\t\t\t\t<i aria-hidden=\"true\" class=\"fas fa-clipboard\"><\/i>\t\t\t\t<\/span>\n\t\t\t<\/div>\n\t\t\t\n\t\t\t\t\t\t<div class=\"elementor-icon-box-content\">\n\n\t\t\t\t\n\t\t\t\t\t\t\t\t\t<p class=\"elementor-icon-box-description\">\n\t\t\t\t\t\tSubstitui a velha prancheta na contagem de estoque\t\t\t\t\t<\/p>\n\t\t\t\t\n\t\t\t<\/div>\n\t\t\t\n\t\t<\/div>\n\t\t\t\t\t\t<\/div>\n\t\t\t\t<\/div>\n\t\t\t\t\t<\/div>\n\t\t\t\t<\/div>\n\t\t<div class=\"elementor-element elementor-element-e18b044 e-flex e-con-boxed e-con e-parent\" data-id=\"e18b044\" data-element_type=\"container\">\n\t\t\t\t\t<div class=\"e-con-inner\">\n\t\t\t\t<div class=\"elementor-element elementor-element-7922898 elementor-widget__width-initial elementor-view-default elementor-position-top elementor-mobile-position-top elementor-widget elementor-widget-icon-box\" data-id=\"7922898\" data-element_type=\"widget\" data-widget_type=\"icon-box.default\">\n\t\t\t\t<div class=\"elementor-widget-container\">\n\t\t\t\t\t\t\t<div class=\"elementor-icon-box-wrapper\">\n\n\t\t\t\t\t\t<div class=\"elementor-icon-box-icon\">\n\t\t\t\t<span  class=\"elementor-icon\">\n\t\t\t\t<i aria-hidden=\"true\" class=\"fas fa-thumbtack\"><\/i>\t\t\t\t<\/span>\n\t\t\t<\/div>\n\t\t\t\n\t\t\t\t\t\t<div class=\"elementor-icon-box-content\">\n\n\t\t\t\t\n\t\t\t\t\t\t\t\t\t<p class=\"elementor-icon-box-description\">\n\t\t\t\t\t\tGarante assertividade superior a 98%\t\t\t\t\t<\/p>\n\t\t\t\t\n\t\t\t<\/div>\n\t\t\t\n\t\t<\/div>\n\t\t\t\t\t\t<\/div>\n\t\t\t\t<\/div>\n\t\t\t\t\t<\/div>\n\t\t\t\t<\/div>\n\t\t<div class=\"elementor-element elementor-element-ca6941e e-flex e-con-boxed e-con e-parent\" data-id=\"ca6941e\" data-element_type=\"container\">\n\t\t\t\t\t<div class=\"e-con-inner\">\n\t\t\t\t<div class=\"elementor-element elementor-element-7de2b27 elementor-widget__width-initial elementor-view-default elementor-position-top elementor-mobile-position-top elementor-widget elementor-widget-icon-box\" data-id=\"7de2b27\" data-element_type=\"widget\" data-widget_type=\"icon-box.default\">\n\t\t\t\t<div class=\"elementor-widget-container\">\n\t\t\t\t\t\t\t<div class=\"elementor-icon-box-wrapper\">\n\n\t\t\t\t\t\t<div class=\"elementor-icon-box-icon\">\n\t\t\t\t<span  class=\"elementor-icon\">\n\t\t\t\t<i aria-hidden=\"true\" class=\"far fa-calendar-check\"><\/i>\t\t\t\t<\/span>\n\t\t\t<\/div>\n\t\t\t\n\t\t\t\t\t\t<div class=\"elementor-icon-box-content\">\n\n\t\t\t\t\n\t\t\t\t\t\t\t\t\t<p class=\"elementor-icon-box-description\">\n\t\t\t\t\t\tEvita falhas operacionais comuns em longas contagens atrav\u00e9s mecanismos de preven\u00e7\u00e3o\t\t\t\t\t<\/p>\n\t\t\t\t\n\t\t\t<\/div>\n\t\t\t\n\t\t<\/div>\n\t\t\t\t\t\t<\/div>\n\t\t\t\t<\/div>\n\t\t\t\t\t<\/div>\n\t\t\t\t<\/div>\n\t\t<div class=\"elementor-element elementor-element-b96c2ef e-flex e-con-boxed e-con e-parent\" data-id=\"b96c2ef\" data-element_type=\"container\">\n\t\t\t\t\t<div class=\"e-con-inner\">\n\t\t\t\t<div class=\"elementor-element elementor-element-fc51b58 elementor-widget__width-initial elementor-view-default elementor-position-top elementor-mobile-position-top elementor-widget elementor-widget-icon-box\" data-id=\"fc51b58\" data-element_type=\"widget\" data-widget_type=\"icon-box.default\">\n\t\t\t\t<div class=\"elementor-widget-container\">\n\t\t\t\t\t\t\t<div class=\"elementor-icon-box-wrapper\">\n\n\t\t\t\t\t\t<div class=\"elementor-icon-box-icon\">\n\t\t\t\t<span  class=\"elementor-icon\">\n\t\t\t\t<i aria-hidden=\"true\" class=\"fas fa-play\"><\/i>\t\t\t\t<\/span>\n\t\t\t<\/div>\n\t\t\t\n\t\t\t\t\t\t<div class=\"elementor-icon-box-content\">\n\n\t\t\t\t\n\t\t\t\t\t\t\t\t\t<p class=\"elementor-icon-box-description\">\n\t\t\t\t\t\tAgiliza a integra\u00e7\u00e3o e transmiss\u00e3o da contagem para a plataforma do cliente (ERP)\t\t\t\t\t<\/p>\n\t\t\t\t\n\t\t\t<\/div>\n\t\t\t\n\t\t<\/div>\n\t\t\t\t\t\t<\/div>\n\t\t\t\t<\/div>\n\t\t\t\t\t<\/div>\n\t\t\t\t<\/div>\n\t\t\t\t\t<\/div>\n\t\t\t\t<\/div>\n\t\t\t\t\t<\/div>\n\t\t\t\t<\/div>\n\t\t<div class=\"elementor-element elementor-element-bc09995 e-flex e-con-boxed e-con e-parent\" data-id=\"bc09995\" data-element_type=\"container\" data-settings=\"{&quot;background_background&quot;:&quot;classic&quot;}\">\n\t\t\t\t\t<div class=\"e-con-inner\">\n\t\t<div class=\"elementor-element elementor-element-71b0df0 e-con-full e-flex e-con e-parent\" data-id=\"71b0df0\" data-element_type=\"container\">\n\t\t\t\t<div class=\"elementor-element elementor-element-a368599 elementor-widget elementor-widget-text-editor\" data-id=\"a368599\" data-element_type=\"widget\" data-widget_type=\"text-editor.default\">\n\t\t\t\t<div class=\"elementor-widget-container\">\n\t\t\t\t\t\t\t\t\t<p>A plataforma Invent\u00e1rio Mega foi criada afim de proporcionar aos clientes, sejam eles terceirizadores de servi\u00e7os em invent\u00e1rio de estoque, sejam eles empresas que desejam criar sua pr\u00f3pria equipe e fazer seus pr\u00f3prios invent\u00e1rios, uma maneira simples, eficiente e robusta para realizar um invent\u00e1rio integrado, r\u00e1pido e com alta acuracidade.<\/p><p>Atrav\u00e9s de nossa plataforma sua empresa usar\u00e1 coletores de dados com transmiss\u00e3o online, centraliza\u00e7\u00e3o das coletas realizadas, relat\u00f3rios e recontagens, tudo isso antes de consolidar o invent\u00e1rio em seu sistema ERP, pois nossa plataforma pode se integrar a qualquer sistema do mercado atrav\u00e9s de arquivo TXT ou Excel, independente de seu layout.<\/p>\t\t\t\t\t\t\t\t<\/div>\n\t\t\t\t<\/div>\n\t\t\t\t<\/div>\n\t\t<div class=\"elementor-element elementor-element-b6dffaf e-con-full e-flex e-con e-parent\" data-id=\"b6dffaf\" data-element_type=\"container\">\n\t\t\t\t<div class=\"elementor-element elementor-element-6746bfc elementor-widget elementor-widget-image\" data-id=\"6746bfc\" data-element_type=\"widget\" data-widget_type=\"image.default\">\n\t\t\t\t<div class=\"elementor-widget-container\">\n\t\t\t\t\t\t\t\t\t\t\t\t\t\t\t<img decoding=\"async\" width=\"800\" height=\"600\" src=\"https:\/\/battecnologia.com\/site\/wp-content\/uploads\/2022\/12\/Boibom-4-1024x768-1.jpg\" class=\"attachment-large size-large wp-image-1451\" alt=\"\" srcset=\"https:\/\/battecnologia.com\/site\/wp-content\/uploads\/2022\/12\/Boibom-4-1024x768-1.jpg 1024w, https:\/\/battecnologia.com\/site\/wp-content\/uploads\/2022\/12\/Boibom-4-1024x768-1-300x225.jpg 300w, https:\/\/battecnologia.com\/site\/wp-content\/uploads\/2022\/12\/Boibom-4-1024x768-1-768x576.jpg 768w\" sizes=\"(max-width: 800px) 100vw, 800px\" \/>\t\t\t\t\t\t\t\t\t\t\t\t\t\t\t<\/div>\n\t\t\t\t<\/div>\n\t\t\t\t<\/div>\n\t\t\t\t\t<\/div>\n\t\t\t\t<\/div>\n\t\t<div class=\"elementor-element elementor-element-e02ad4b e-flex e-con-boxed e-con e-parent\" data-id=\"e02ad4b\" data-element_type=\"container\">\n\t\t\t\t\t<div class=\"e-con-inner\">\n\t\t\t\t<div class=\"elementor-element elementor-element-c0a98ca elementor-widget elementor-widget-heading\" data-id=\"c0a98ca\" data-element_type=\"widget\" data-widget_type=\"heading.default\">\n\t\t\t\t<div class=\"elementor-widget-container\">\n\t\t\t\t\t<h2 class=\"elementor-heading-title elementor-size-default\">ONDE USAR: Qualquer empresa que possua um estoque<\/h2>\t\t\t\t<\/div>\n\t\t\t\t<\/div>\n\t\t\t\t<div class=\"elementor-element elementor-element-37445f9 elementor-arrows-position-outside elementor-pagination-position-outside elementor-widget elementor-widget-image-carousel\" data-id=\"37445f9\" data-element_type=\"widget\" data-settings=\"{&quot;slides_to_show&quot;:&quot;2&quot;,&quot;image_spacing_custom&quot;:{&quot;unit&quot;:&quot;px&quot;,&quot;size&quot;:29,&quot;sizes&quot;:[]},&quot;navigation&quot;:&quot;both&quot;,&quot;autoplay&quot;:&quot;yes&quot;,&quot;pause_on_hover&quot;:&quot;yes&quot;,&quot;pause_on_interaction&quot;:&quot;yes&quot;,&quot;autoplay_speed&quot;:5000,&quot;infinite&quot;:&quot;yes&quot;,&quot;speed&quot;:500,&quot;image_spacing_custom_tablet&quot;:{&quot;unit&quot;:&quot;px&quot;,&quot;size&quot;:&quot;&quot;,&quot;sizes&quot;:[]},&quot;image_spacing_custom_mobile&quot;:{&quot;unit&quot;:&quot;px&quot;,&quot;size&quot;:&quot;&quot;,&quot;sizes&quot;:[]}}\" data-widget_type=\"image-carousel.default\">\n\t\t\t\t<div class=\"elementor-widget-container\">\n\t\t\t\t\t\t\t<div class=\"elementor-image-carousel-wrapper swiper\" role=\"region\" aria-roledescription=\"carousel\" aria-label=\"Carrossel de imagens\" dir=\"ltr\">\n\t\t\t<div class=\"elementor-image-carousel swiper-wrapper swiper-image-stretch\" aria-live=\"off\">\n\t\t\t\t\t\t\t\t<div class=\"swiper-slide\" role=\"group\" aria-roledescription=\"slide\" aria-label=\"1 de 3\"><a data-elementor-open-lightbox=\"yes\" data-elementor-lightbox-slideshow=\"37445f9\" data-elementor-lightbox-title=\"2\" data-e-action-hash=\"#elementor-action%3Aaction%3Dlightbox%26settings%3DeyJpZCI6MTQ1MiwidXJsIjoiaHR0cHM6XC9cL2JhdHRlY25vbG9naWEuY29tXC9zaXRlXC93cC1jb250ZW50XC91cGxvYWRzXC8yMDIyXC8xMlwvMi5wbmciLCJzbGlkZXNob3ciOiIzNzQ0NWY5In0%3D\" href=\"https:\/\/battecnologia.com\/site\/wp-content\/uploads\/2022\/12\/2.png\"><figure class=\"swiper-slide-inner\"><img decoding=\"async\" class=\"swiper-slide-image\" src=\"https:\/\/battecnologia.com\/site\/wp-content\/uploads\/2022\/12\/2.png\" alt=\"2\" \/><\/figure><\/a><\/div><div class=\"swiper-slide\" role=\"group\" aria-roledescription=\"slide\" aria-label=\"2 de 3\"><a data-elementor-open-lightbox=\"yes\" data-elementor-lightbox-slideshow=\"37445f9\" data-elementor-lightbox-title=\"1\" data-e-action-hash=\"#elementor-action%3Aaction%3Dlightbox%26settings%3DeyJpZCI6MTQ1MywidXJsIjoiaHR0cHM6XC9cL2JhdHRlY25vbG9naWEuY29tXC9zaXRlXC93cC1jb250ZW50XC91cGxvYWRzXC8yMDIyXC8xMlwvMS5wbmciLCJzbGlkZXNob3ciOiIzNzQ0NWY5In0%3D\" href=\"https:\/\/battecnologia.com\/site\/wp-content\/uploads\/2022\/12\/1.png\"><figure class=\"swiper-slide-inner\"><img decoding=\"async\" class=\"swiper-slide-image\" src=\"https:\/\/battecnologia.com\/site\/wp-content\/uploads\/2022\/12\/1.png\" alt=\"1\" \/><\/figure><\/a><\/div><div class=\"swiper-slide\" role=\"group\" aria-roledescription=\"slide\" aria-label=\"3 de 3\"><a data-elementor-open-lightbox=\"yes\" data-elementor-lightbox-slideshow=\"37445f9\" data-elementor-lightbox-title=\"3\" data-e-action-hash=\"#elementor-action%3Aaction%3Dlightbox%26settings%3DeyJpZCI6MTQ1NCwidXJsIjoiaHR0cHM6XC9cL2JhdHRlY25vbG9naWEuY29tXC9zaXRlXC93cC1jb250ZW50XC91cGxvYWRzXC8yMDIyXC8xMlwvMy5wbmciLCJzbGlkZXNob3ciOiIzNzQ0NWY5In0%3D\" href=\"https:\/\/battecnologia.com\/site\/wp-content\/uploads\/2022\/12\/3.png\"><figure class=\"swiper-slide-inner\"><img decoding=\"async\" class=\"swiper-slide-image\" src=\"https:\/\/battecnologia.com\/site\/wp-content\/uploads\/2022\/12\/3.png\" alt=\"3\" \/><\/figure><\/a><\/div>\t\t\t<\/div>\n\t\t\t\t\t\t\t\t\t\t\t\t<div class=\"elementor-swiper-button elementor-swiper-button-prev\" role=\"button\" tabindex=\"0\">\n\t\t\t\t\t\t<i aria-hidden=\"true\" class=\"eicon-chevron-left\"><\/i>\t\t\t\t\t<\/div>\n\t\t\t\t\t<div class=\"elementor-swiper-button elementor-swiper-button-next\" role=\"button\" tabindex=\"0\">\n\t\t\t\t\t\t<i aria-hidden=\"true\" class=\"eicon-chevron-right\"><\/i>\t\t\t\t\t<\/div>\n\t\t\t\t\n\t\t\t\t\t\t\t\t\t<div class=\"swiper-pagination\"><\/div>\n\t\t\t\t\t\t\t\t\t<\/div>\n\t\t\t\t\t\t<\/div>\n\t\t\t\t<\/div>\n\t\t\t\t\t<\/div>\n\t\t\t\t<\/div>\n\t\t<div class=\"elementor-element elementor-element-6d56174 e-flex e-con-boxed e-con e-parent\" data-id=\"6d56174\" data-element_type=\"container\">\n\t\t\t\t\t<div class=\"e-con-inner\">\n\t\t\t\t<div class=\"elementor-element elementor-element-c7aba9b elementor-widget elementor-widget-heading\" data-id=\"c7aba9b\" data-element_type=\"widget\" data-widget_type=\"heading.default\">\n\t\t\t\t<div class=\"elementor-widget-container\">\n\t\t\t\t\t<h2 class=\"elementor-heading-title elementor-size-default\">Conhe\u00e7a o processo do Invent\u00e1rio Mega<\/h2>\t\t\t\t<\/div>\n\t\t\t\t<\/div>\n\t\t\t\t<div class=\"elementor-element elementor-element-7924936 elementor-widget elementor-widget-heading\" data-id=\"7924936\" data-element_type=\"widget\" data-widget_type=\"heading.default\">\n\t\t\t\t<div class=\"elementor-widget-container\">\n\t\t\t\t\t<h2 class=\"elementor-heading-title elementor-size-default\">Nossa plataforma foi criada em anos de experi\u00eancia com a necessidade do cliente e est\u00e1 amplamente testada em todo o pa\u00eds em diversos cen\u00e1rios.\nO processo est\u00e1 concentrado em 2 m\u00f3dulos, um deles instalado no computador (em breve Web) e outro rodando nos coletores de dados, afim de simplificar o aprendizado dos l\u00edderes e operadores.<\/h2>\t\t\t\t<\/div>\n\t\t\t\t<\/div>\n\t\t\t\t<div class=\"elementor-element elementor-element-ec4e84c elementor-widget elementor-widget-image\" data-id=\"ec4e84c\" data-element_type=\"widget\" data-widget_type=\"image.default\">\n\t\t\t\t<div class=\"elementor-widget-container\">\n\t\t\t\t\t\t\t\t\t\t\t\t\t\t\t<img decoding=\"async\" width=\"800\" height=\"290\" src=\"https:\/\/battecnologia.com\/site\/wp-content\/uploads\/2022\/12\/processi2-1024x371-1.png\" class=\"attachment-large size-large wp-image-1455\" alt=\"\" srcset=\"https:\/\/battecnologia.com\/site\/wp-content\/uploads\/2022\/12\/processi2-1024x371-1.png 1024w, https:\/\/battecnologia.com\/site\/wp-content\/uploads\/2022\/12\/processi2-1024x371-1-300x109.png 300w, https:\/\/battecnologia.com\/site\/wp-content\/uploads\/2022\/12\/processi2-1024x371-1-768x278.png 768w\" sizes=\"(max-width: 800px) 100vw, 800px\" \/>\t\t\t\t\t\t\t\t\t\t\t\t\t\t\t<\/div>\n\t\t\t\t<\/div>\n\t\t\t\t<div class=\"elementor-element elementor-element-a6077f7 elementor-widget elementor-widget-image\" data-id=\"a6077f7\" data-element_type=\"widget\" data-widget_type=\"image.default\">\n\t\t\t\t<div class=\"elementor-widget-container\">\n\t\t\t\t\t\t\t\t\t\t\t\t\t\t\t<img loading=\"lazy\" decoding=\"async\" width=\"401\" height=\"372\" src=\"https:\/\/battecnologia.com\/site\/wp-content\/uploads\/2022\/12\/processo1.png\" class=\"attachment-large size-large wp-image-1456\" alt=\"\" srcset=\"https:\/\/battecnologia.com\/site\/wp-content\/uploads\/2022\/12\/processo1.png 401w, https:\/\/battecnologia.com\/site\/wp-content\/uploads\/2022\/12\/processo1-300x278.png 300w\" sizes=\"(max-width: 401px) 100vw, 401px\" \/>\t\t\t\t\t\t\t\t\t\t\t\t\t\t\t<\/div>\n\t\t\t\t<\/div>\n\t\t\t\t\t<\/div>\n\t\t\t\t<\/div>\n\t\t<div class=\"elementor-element elementor-element-25f8159 e-flex e-con-boxed e-con e-parent\" data-id=\"25f8159\" data-element_type=\"container\">\n\t\t\t\t\t<div class=\"e-con-inner\">\n\t\t\t\t<div class=\"elementor-element elementor-element-5c41460 elementor-widget elementor-widget-heading\" data-id=\"5c41460\" data-element_type=\"widget\" data-widget_type=\"heading.default\">\n\t\t\t\t<div class=\"elementor-widget-container\">\n\t\t\t\t\t<h2 class=\"elementor-heading-title elementor-size-default\">Veja uma apresenta\u00e7\u00e3o de nossa plataforma<\/h2>\t\t\t\t<\/div>\n\t\t\t\t<\/div>\n\t\t\t\t<div class=\"elementor-element elementor-element-afab9f4 elementor-widget elementor-widget-video\" data-id=\"afab9f4\" data-element_type=\"widget\" data-settings=\"{&quot;youtube_url&quot;:&quot;https:\\\/\\\/youtu.be\\\/5eIy9ACPHJs&quot;,&quot;video_type&quot;:&quot;youtube&quot;,&quot;controls&quot;:&quot;yes&quot;}\" data-widget_type=\"video.default\">\n\t\t\t\t<div class=\"elementor-widget-container\">\n\t\t\t\t\t\t\t<div class=\"elementor-wrapper elementor-open-inline\">\n\t\t\t<div class=\"elementor-video\"><\/div>\t\t<\/div>\n\t\t\t\t\t\t<\/div>\n\t\t\t\t<\/div>\n\t\t\t\t\t<\/div>\n\t\t\t\t<\/div>\n\t\t\t\t<\/div>\n\t\t","protected":false},"excerpt":{"rendered":"<p>Para que serve a plataforma? OTIMIZA O PROCESSO DE INVENT\u00c1RIO DE ESTOQUE EM EQUIPES PR\u00d3PRIAS OU PRESTADORES DE SERVI\u00c7OS Substitui a velha prancheta na contagem de estoque Garante assertividade superior a 98% Evita falhas operacionais comuns em longas contagens atrav\u00e9s mecanismos de preven\u00e7\u00e3o Agiliza a integra\u00e7\u00e3o e transmiss\u00e3o da contagem para a plataforma do cliente [&hellip;]<\/p>\n","protected":false},"author":3,"featured_media":0,"parent":0,"menu_order":0,"comment_status":"closed","ping_status":"closed","template":"elementor_header_footer","meta":{"om_disable_all_campaigns":false,"inline_featured_image":false,"_monsterinsights_skip_tracking":false,"_monsterinsights_sitenote_active":false,"_monsterinsights_sitenote_note":"","_monsterinsights_sitenote_category":0,"footnotes":""},"class_list":["post-1148","page","type-page","status-publish","hentry"],"aioseo_notices":[],"_links":{"self":[{"href":"https:\/\/battecnologia.com\/site\/wp-json\/wp\/v2\/pages\/1148","targetHints":{"allow":["GET"]}}],"collection":[{"href":"https:\/\/battecnologia.com\/site\/wp-json\/wp\/v2\/pages"}],"about":[{"href":"https:\/\/battecnologia.com\/site\/wp-json\/wp\/v2\/types\/page"}],"author":[{"embeddable":true,"href":"https:\/\/battecnologia.com\/site\/wp-json\/wp\/v2\/users\/3"}],"replies":[{"embeddable":true,"href":"https:\/\/battecnologia.com\/site\/wp-json\/wp\/v2\/comments?post=1148"}],"version-history":[{"count":50,"href":"https:\/\/battecnologia.com\/site\/wp-json\/wp\/v2\/pages\/1148\/revisions"}],"predecessor-version":[{"id":1792,"href":"https:\/\/battecnologia.com\/site\/wp-json\/wp\/v2\/pages\/1148\/revisions\/1792"}],"wp:attachment":[{"href":"https:\/\/battecnologia.com\/site\/wp-json\/wp\/v2\/media?parent=1148"}],"curies":[{"name":"wp","href":"https:\/\/api.w.org\/{rel}","templated":true}]}}