{"id":1209,"date":"2022-11-29T09:06:55","date_gmt":"2022-11-29T12:06:55","guid":{"rendered":"https:\/\/battecnologia.agenciaseujao.com\/?page_id=1209"},"modified":"2022-12-27T15:44:51","modified_gmt":"2022-12-27T18:44:51","slug":"software-sob-demanda","status":"publish","type":"page","link":"https:\/\/battecnologia.com\/site\/software-sob-demanda\/","title":{"rendered":"Sob Demanda"},"content":{"rendered":"\t\t<div data-elementor-type=\"wp-page\" data-elementor-id=\"1209\" class=\"elementor elementor-1209\">\n\t\t\t\t<div class=\"elementor-element elementor-element-74823d6 e-con-full elementor-hidden-tablet elementor-hidden-mobile e-flex e-con e-parent\" data-id=\"74823d6\" data-element_type=\"container\">\n\t\t\t\t<div class=\"elementor-element elementor-element-3827c2d elementor-widget elementor-widget-image\" data-id=\"3827c2d\" data-element_type=\"widget\" data-widget_type=\"image.default\">\n\t\t\t\t<div class=\"elementor-widget-container\">\n\t\t\t\t\t\t\t\t\t\t\t\t\t\t\t<img fetchpriority=\"high\" decoding=\"async\" width=\"800\" height=\"209\" src=\"https:\/\/battecnologia.com\/site\/wp-content\/uploads\/2022\/12\/BANNER-BAT8_1-1024x267-1.png\" class=\"attachment-large size-large wp-image-1460\" alt=\"\" srcset=\"https:\/\/battecnologia.com\/site\/wp-content\/uploads\/2022\/12\/BANNER-BAT8_1-1024x267-1.png 1024w, https:\/\/battecnologia.com\/site\/wp-content\/uploads\/2022\/12\/BANNER-BAT8_1-1024x267-1-300x78.png 300w, https:\/\/battecnologia.com\/site\/wp-content\/uploads\/2022\/12\/BANNER-BAT8_1-1024x267-1-768x200.png 768w\" sizes=\"(max-width: 800px) 100vw, 800px\" \/>\t\t\t\t\t\t\t\t\t\t\t\t\t\t\t<\/div>\n\t\t\t\t<\/div>\n\t\t\t\t<\/div>\n\t\t<div class=\"elementor-element elementor-element-4bd5b48 e-flex e-con-boxed e-con e-parent\" data-id=\"4bd5b48\" data-element_type=\"container\">\n\t\t\t\t\t<div class=\"e-con-inner\">\n\t\t<div class=\"elementor-element elementor-element-e5ca6be e-con-full e-flex e-con e-parent\" data-id=\"e5ca6be\" data-element_type=\"container\">\n\t\t\t\t<div class=\"elementor-element elementor-element-e357cf2 elementor-widget elementor-widget-text-editor\" data-id=\"e357cf2\" data-element_type=\"widget\" data-widget_type=\"text-editor.default\">\n\t\t\t\t<div class=\"elementor-widget-container\">\n\t\t\t\t\t\t\t\t\t<p>Existem momentos em que seu neg\u00f3cio ou processo ganha um n\u00edvel de absolutismo que nenhuma solu\u00e7\u00e3o pronta pode adequar-se a ele. Em outros momentos, h\u00e1 a dificuldade em se personalizar um detalhe em uma aplica\u00e7\u00e3o pronta por ela atender diversos segmentos. \u00c9 nesse ponto que a customiza\u00e7\u00e3o se faz presente, mas a\u00ed vem outro problema&#8230; por onde e quem ir\u00e1 fazer isso?<\/p>\t\t\t\t\t\t\t\t<\/div>\n\t\t\t\t<\/div>\n\t\t\t\t<\/div>\n\t\t\t\t\t<\/div>\n\t\t\t\t<\/div>\n\t\t<div class=\"elementor-element elementor-element-fc9b536 e-flex e-con-boxed e-con e-parent\" data-id=\"fc9b536\" data-element_type=\"container\">\n\t\t\t\t\t<div class=\"e-con-inner\">\n\t\t<div class=\"elementor-element elementor-element-3f07b6a e-con-full e-flex e-con e-parent\" data-id=\"3f07b6a\" data-element_type=\"container\">\n\t\t\t\t<div class=\"elementor-element elementor-element-9c63da6 elementor-widget__width-initial elementor-widget elementor-widget-heading\" data-id=\"9c63da6\" data-element_type=\"widget\" data-widget_type=\"heading.default\">\n\t\t\t\t<div class=\"elementor-widget-container\">\n\t\t\t\t\t<h2 class=\"elementor-heading-title elementor-size-default\">Como a .BAT pode ajudar nisso?<\/h2>\t\t\t\t<\/div>\n\t\t\t\t<\/div>\n\t\t\t\t<div class=\"elementor-element elementor-element-d0fbb10 elementor-widget elementor-widget-text-editor\" data-id=\"d0fbb10\" data-element_type=\"widget\" data-widget_type=\"text-editor.default\">\n\t\t\t\t<div class=\"elementor-widget-container\">\n\t\t\t\t\t\t\t\t\t<p>Podemos criar diversos tipos de integra\u00e7\u00e3o com seu sistema, online ou off-line de acordo com o estudo feito conhecendo melhor sua necessidade.<\/p>\t\t\t\t\t\t\t\t<\/div>\n\t\t\t\t<\/div>\n\t\t\t\t<\/div>\n\t\t\t\t\t<\/div>\n\t\t\t\t<\/div>\n\t\t<div class=\"elementor-element elementor-element-6d56174 e-flex e-con-boxed e-con e-parent\" data-id=\"6d56174\" data-element_type=\"container\">\n\t\t\t\t\t<div class=\"e-con-inner\">\n\t\t<div class=\"elementor-element elementor-element-0f326f5 e-flex e-con-boxed e-con e-parent\" data-id=\"0f326f5\" data-element_type=\"container\">\n\t\t\t\t\t<div class=\"e-con-inner\">\n\t\t\t\t<div class=\"elementor-element elementor-element-c7aba9b elementor-widget elementor-widget-heading\" data-id=\"c7aba9b\" data-element_type=\"widget\" data-widget_type=\"heading.default\">\n\t\t\t\t<div class=\"elementor-widget-container\">\n\t\t\t\t\t<h2 class=\"elementor-heading-title elementor-size-default\">Quais tipos de projetos a .BAT desenvolve?<\/h2>\t\t\t\t<\/div>\n\t\t\t\t<\/div>\n\t\t\t\t\t<\/div>\n\t\t\t\t<\/div>\n\t\t<div class=\"elementor-element elementor-element-136b2e3 e-con-full e-flex e-con e-parent\" data-id=\"136b2e3\" data-element_type=\"container\">\n\t\t\t\t<div class=\"elementor-element elementor-element-77d3c07 elementor-view-default elementor-position-top elementor-mobile-position-top elementor-widget elementor-widget-icon-box\" data-id=\"77d3c07\" data-element_type=\"widget\" data-widget_type=\"icon-box.default\">\n\t\t\t\t<div class=\"elementor-widget-container\">\n\t\t\t\t\t\t\t<div class=\"elementor-icon-box-wrapper\">\n\n\t\t\t\t\t\t<div class=\"elementor-icon-box-icon\">\n\t\t\t\t<span  class=\"elementor-icon\">\n\t\t\t\t<i aria-hidden=\"true\" class=\"fab fa-android\"><\/i>\t\t\t\t<\/span>\n\t\t\t<\/div>\n\t\t\t\n\t\t\t\t\t\t<div class=\"elementor-icon-box-content\">\n\n\t\t\t\t\t\t\t\t\t<h3 class=\"elementor-icon-box-title\">\n\t\t\t\t\t\t<span  >\n\t\t\t\t\t\t\tAplicativos Android, iOS, Web e Desktop\t\t\t\t\t\t<\/span>\n\t\t\t\t\t<\/h3>\n\t\t\t\t\n\t\t\t\t\n\t\t\t<\/div>\n\t\t\t\n\t\t<\/div>\n\t\t\t\t\t\t<\/div>\n\t\t\t\t<\/div>\n\t\t\t\t<\/div>\n\t\t<div class=\"elementor-element elementor-element-17a8c90 e-con-full e-flex e-con e-parent\" data-id=\"17a8c90\" data-element_type=\"container\">\n\t\t\t\t<div class=\"elementor-element elementor-element-a61cd3b elementor-view-default elementor-position-top elementor-mobile-position-top elementor-widget elementor-widget-icon-box\" data-id=\"a61cd3b\" data-element_type=\"widget\" data-widget_type=\"icon-box.default\">\n\t\t\t\t<div class=\"elementor-widget-container\">\n\t\t\t\t\t\t\t<div class=\"elementor-icon-box-wrapper\">\n\n\t\t\t\t\t\t<div class=\"elementor-icon-box-icon\">\n\t\t\t\t<span  class=\"elementor-icon\">\n\t\t\t\t<i aria-hidden=\"true\" class=\"fas fa-server\"><\/i>\t\t\t\t<\/span>\n\t\t\t<\/div>\n\t\t\t\n\t\t\t\t\t\t<div class=\"elementor-icon-box-content\">\n\n\t\t\t\t\t\t\t\t\t<h3 class=\"elementor-icon-box-title\">\n\t\t\t\t\t\t<span  >\n\t\t\t\t\t\t\tServidores de backend REST ou GraphQL\t\t\t\t\t\t<\/span>\n\t\t\t\t\t<\/h3>\n\t\t\t\t\n\t\t\t\t\n\t\t\t<\/div>\n\t\t\t\n\t\t<\/div>\n\t\t\t\t\t\t<\/div>\n\t\t\t\t<\/div>\n\t\t\t\t<\/div>\n\t\t<div class=\"elementor-element elementor-element-3cdee66 e-con-full e-flex e-con e-parent\" data-id=\"3cdee66\" data-element_type=\"container\">\n\t\t\t\t<div class=\"elementor-element elementor-element-f01c66f elementor-view-default elementor-position-top elementor-mobile-position-top elementor-widget elementor-widget-icon-box\" data-id=\"f01c66f\" data-element_type=\"widget\" data-widget_type=\"icon-box.default\">\n\t\t\t\t<div class=\"elementor-widget-container\">\n\t\t\t\t\t\t\t<div class=\"elementor-icon-box-wrapper\">\n\n\t\t\t\t\t\t<div class=\"elementor-icon-box-icon\">\n\t\t\t\t<span  class=\"elementor-icon\">\n\t\t\t\t<i aria-hidden=\"true\" class=\"fas fa-share-square\"><\/i>\t\t\t\t<\/span>\n\t\t\t<\/div>\n\t\t\t\n\t\t\t\t\t\t<div class=\"elementor-icon-box-content\">\n\n\t\t\t\t\t\t\t\t\t<h3 class=\"elementor-icon-box-title\">\n\t\t\t\t\t\t<span  >\n\t\t\t\t\t\t\tConteineriza\u00e7\u00e3o de aplica\u00e7\u00f5es.\t\t\t\t\t\t<\/span>\n\t\t\t\t\t<\/h3>\n\t\t\t\t\n\t\t\t\t\n\t\t\t<\/div>\n\t\t\t\n\t\t<\/div>\n\t\t\t\t\t\t<\/div>\n\t\t\t\t<\/div>\n\t\t\t\t<\/div>\n\t\t<div class=\"elementor-element elementor-element-7011589 e-con-full e-flex e-con e-parent\" data-id=\"7011589\" data-element_type=\"container\">\n\t\t\t\t<div class=\"elementor-element elementor-element-1b4b68c elementor-view-default elementor-position-top elementor-mobile-position-top elementor-widget elementor-widget-icon-box\" data-id=\"1b4b68c\" data-element_type=\"widget\" data-widget_type=\"icon-box.default\">\n\t\t\t\t<div class=\"elementor-widget-container\">\n\t\t\t\t\t\t\t<div class=\"elementor-icon-box-wrapper\">\n\n\t\t\t\t\t\t<div class=\"elementor-icon-box-icon\">\n\t\t\t\t<span  class=\"elementor-icon\">\n\t\t\t\t<i aria-hidden=\"true\" class=\"far fa-keyboard\"><\/i>\t\t\t\t<\/span>\n\t\t\t<\/div>\n\t\t\t\n\t\t\t\t\t\t<div class=\"elementor-icon-box-content\">\n\n\t\t\t\t\t\t\t\t\t<h3 class=\"elementor-icon-box-title\">\n\t\t\t\t\t\t<span  >\n\t\t\t\t\t\t\tAplicativos RFID\t\t\t\t\t\t<\/span>\n\t\t\t\t\t<\/h3>\n\t\t\t\t\n\t\t\t\t\n\t\t\t<\/div>\n\t\t\t\n\t\t<\/div>\n\t\t\t\t\t\t<\/div>\n\t\t\t\t<\/div>\n\t\t\t\t<\/div>\n\t\t<div class=\"elementor-element elementor-element-a581ec1 e-con-full e-flex e-con e-parent\" data-id=\"a581ec1\" data-element_type=\"container\">\n\t\t\t\t<div class=\"elementor-element elementor-element-16f9f65 elementor-view-default elementor-position-top elementor-mobile-position-top elementor-widget elementor-widget-icon-box\" data-id=\"16f9f65\" data-element_type=\"widget\" data-widget_type=\"icon-box.default\">\n\t\t\t\t<div class=\"elementor-widget-container\">\n\t\t\t\t\t\t\t<div class=\"elementor-icon-box-wrapper\">\n\n\t\t\t\t\t\t<div class=\"elementor-icon-box-icon\">\n\t\t\t\t<span  class=\"elementor-icon\">\n\t\t\t\t<i aria-hidden=\"true\" class=\"fas fa-industry\"><\/i>\t\t\t\t<\/span>\n\t\t\t<\/div>\n\t\t\t\n\t\t\t\t\t\t<div class=\"elementor-icon-box-content\">\n\n\t\t\t\t\t\t\t\t\t<h3 class=\"elementor-icon-box-title\">\n\t\t\t\t\t\t<span  >\n\t\t\t\t\t\t\tIntegra\u00e7\u00f5es industriais\t\t\t\t\t\t<\/span>\n\t\t\t\t\t<\/h3>\n\t\t\t\t\n\t\t\t\t\n\t\t\t<\/div>\n\t\t\t\n\t\t<\/div>\n\t\t\t\t\t\t<\/div>\n\t\t\t\t<\/div>\n\t\t\t\t<\/div>\n\t\t\t\t\t<\/div>\n\t\t\t\t<\/div>\n\t\t<div class=\"elementor-element elementor-element-dbb0504 e-flex e-con-boxed e-con e-parent\" data-id=\"dbb0504\" data-element_type=\"container\">\n\t\t\t\t\t<div class=\"e-con-inner\">\n\t\t\t\t<div class=\"elementor-element elementor-element-abd40ee elementor-widget elementor-widget-heading\" data-id=\"abd40ee\" data-element_type=\"widget\" data-widget_type=\"heading.default\">\n\t\t\t\t<div class=\"elementor-widget-container\">\n\t\t\t\t\t<h2 class=\"elementor-heading-title elementor-size-default\">Quanto custa?<br><\/h2>\t\t\t\t<\/div>\n\t\t\t\t<\/div>\n\t\t\t\t<div class=\"elementor-element elementor-element-751809a elementor-widget__width-initial elementor-widget elementor-widget-heading\" data-id=\"751809a\" data-element_type=\"widget\" data-widget_type=\"heading.default\">\n\t\t\t\t<div class=\"elementor-widget-container\">\n\t\t\t\t\t<h2 class=\"elementor-heading-title elementor-size-default\">Qualquer projeto customizado requer um estudo especifico da necessidade do cliente. Desse modo precisamos entender caso a caso e o c\u00e1lculo do investimento \u00e9 feito levando em considera\u00e7\u00e3o a tecnologia usada, a liberdade de integra\u00e7\u00e3o com seu atual sistema (acesso a banco de dados, tecnologia usada pelo desenvolvedor, etc), e esfor\u00e7o envolvido, mas sempre prezamos pela acessibilidade da viabilidade de cada projeto.\n<\/h2>\t\t\t\t<\/div>\n\t\t\t\t<\/div>\n\t\t\t\t\t<\/div>\n\t\t\t\t<\/div>\n\t\t\t\t<\/div>\n\t\t","protected":false},"excerpt":{"rendered":"<p>Existem momentos em que seu neg\u00f3cio ou processo ganha um n\u00edvel de absolutismo que nenhuma solu\u00e7\u00e3o pronta pode adequar-se a ele. Em outros momentos, h\u00e1 a dificuldade em se personalizar um detalhe em uma aplica\u00e7\u00e3o pronta por ela atender diversos segmentos. \u00c9 nesse ponto que a customiza\u00e7\u00e3o se faz presente, mas a\u00ed vem outro problema&#8230; [&hellip;]<\/p>\n","protected":false},"author":3,"featured_media":0,"parent":0,"menu_order":0,"comment_status":"closed","ping_status":"closed","template":"elementor_header_footer","meta":{"om_disable_all_campaigns":false,"inline_featured_image":false,"_monsterinsights_skip_tracking":false,"_monsterinsights_sitenote_active":false,"_monsterinsights_sitenote_note":"","_monsterinsights_sitenote_category":0,"footnotes":""},"class_list":["post-1209","page","type-page","status-publish","hentry"],"aioseo_notices":[],"_links":{"self":[{"href":"https:\/\/battecnologia.com\/site\/wp-json\/wp\/v2\/pages\/1209","targetHints":{"allow":["GET"]}}],"collection":[{"href":"https:\/\/battecnologia.com\/site\/wp-json\/wp\/v2\/pages"}],"about":[{"href":"https:\/\/battecnologia.com\/site\/wp-json\/wp\/v2\/types\/page"}],"author":[{"embeddable":true,"href":"https:\/\/battecnologia.com\/site\/wp-json\/wp\/v2\/users\/3"}],"replies":[{"embeddable":true,"href":"https:\/\/battecnologia.com\/site\/wp-json\/wp\/v2\/comments?post=1209"}],"version-history":[{"count":32,"href":"https:\/\/battecnologia.com\/site\/wp-json\/wp\/v2\/pages\/1209\/revisions"}],"predecessor-version":[{"id":1753,"href":"https:\/\/battecnologia.com\/site\/wp-json\/wp\/v2\/pages\/1209\/revisions\/1753"}],"wp:attachment":[{"href":"https:\/\/battecnologia.com\/site\/wp-json\/wp\/v2\/media?parent=1209"}],"curies":[{"name":"wp","href":"https:\/\/api.w.org\/{rel}","templated":true}]}}