{"id":1219,"date":"2022-11-29T09:27:59","date_gmt":"2022-11-29T12:27:59","guid":{"rendered":"https:\/\/battecnologia.agenciaseujao.com\/?page_id=1219"},"modified":"2022-12-27T15:04:33","modified_gmt":"2022-12-27T18:04:33","slug":"softwares-minha-igreja","status":"publish","type":"page","link":"https:\/\/battecnologia.com\/site\/softwares-minha-igreja\/","title":{"rendered":"Minha Igreja"},"content":{"rendered":"\t\t<div data-elementor-type=\"wp-page\" data-elementor-id=\"1219\" class=\"elementor elementor-1219\">\n\t\t\t\t<div class=\"elementor-element elementor-element-f78b8cf e-con-full elementor-hidden-tablet elementor-hidden-mobile e-flex e-con e-parent\" data-id=\"f78b8cf\" data-element_type=\"container\" data-settings=\"{&quot;background_background&quot;:&quot;classic&quot;}\">\n\t\t\t\t<div class=\"elementor-element elementor-element-cdf14f3 elementor-widget__width-initial elementor-widget elementor-widget-image\" data-id=\"cdf14f3\" data-element_type=\"widget\" data-widget_type=\"image.default\">\n\t\t\t\t<div class=\"elementor-widget-container\">\n\t\t\t\t\t\t\t\t\t\t\t\t\t\t\t<img fetchpriority=\"high\" decoding=\"async\" width=\"800\" height=\"209\" src=\"https:\/\/battecnologia.com\/site\/wp-content\/uploads\/2022\/12\/BANNER-BAT9_1-1024x267-1.png\" class=\"attachment-large size-large wp-image-1467\" alt=\"\" srcset=\"https:\/\/battecnologia.com\/site\/wp-content\/uploads\/2022\/12\/BANNER-BAT9_1-1024x267-1.png 1024w, https:\/\/battecnologia.com\/site\/wp-content\/uploads\/2022\/12\/BANNER-BAT9_1-1024x267-1-300x78.png 300w, https:\/\/battecnologia.com\/site\/wp-content\/uploads\/2022\/12\/BANNER-BAT9_1-1024x267-1-768x200.png 768w\" sizes=\"(max-width: 800px) 100vw, 800px\" \/>\t\t\t\t\t\t\t\t\t\t\t\t\t\t\t<\/div>\n\t\t\t\t<\/div>\n\t\t\t\t<\/div>\n\t\t<div class=\"elementor-element elementor-element-250c15c e-flex e-con-boxed e-con e-parent\" data-id=\"250c15c\" data-element_type=\"container\">\n\t\t\t\t\t<div class=\"e-con-inner\">\n\t\t<div class=\"elementor-element elementor-element-8591f66 e-con-full e-flex e-con e-parent\" data-id=\"8591f66\" data-element_type=\"container\">\n\t\t\t\t<div class=\"elementor-element elementor-element-3cec63e elementor-widget elementor-widget-heading\" data-id=\"3cec63e\" data-element_type=\"widget\" data-widget_type=\"heading.default\">\n\t\t\t\t<div class=\"elementor-widget-container\">\n\t\t\t\t\t<h2 class=\"elementor-heading-title elementor-size-default\">M\u00f3dulos do aplicativo:<\/h2>\t\t\t\t<\/div>\n\t\t\t\t<\/div>\n\t\t\t\t<\/div>\n\t\t<div class=\"elementor-element elementor-element-ea53609 e-con-full e-flex e-con e-parent\" data-id=\"ea53609\" data-element_type=\"container\">\n\t\t\t\t<div class=\"elementor-element elementor-element-8da1482 elementor-widget__width-initial elementor-widget elementor-widget-text-editor\" data-id=\"8da1482\" data-element_type=\"widget\" data-widget_type=\"text-editor.default\">\n\t\t\t\t<div class=\"elementor-widget-container\">\n\t\t\t\t\t\t\t\t\t<ol><li>Retaguarda Web para atualiza\u00e7\u00e3o de conte\u00fado<\/li><li>Destaques principais<\/li><li>\u00c1rea de contato<\/li><li>\u00c1rea de atividades<\/li><li>\u00c1rea de Se\u00e7\u00f5es<\/li><li>Pedidos de ora\u00e7\u00e3o<\/li><li>Possibilidade de agendamento de disponibiliza\u00e7\u00e3o das publica\u00e7\u00f5es<\/li><\/ol>\t\t\t\t\t\t\t\t<\/div>\n\t\t\t\t<\/div>\n\t\t\t\t<\/div>\n\t\t\t\t\t<\/div>\n\t\t\t\t<\/div>\n\t\t<div class=\"elementor-element elementor-element-bc09995 e-flex e-con-boxed e-con e-parent\" data-id=\"bc09995\" data-element_type=\"container\" data-settings=\"{&quot;background_background&quot;:&quot;classic&quot;,&quot;background_motion_fx_motion_fx_mouse&quot;:&quot;yes&quot;}\">\n\t\t\t\t\t<div class=\"e-con-inner\">\n\t\t<div class=\"elementor-element elementor-element-71b0df0 e-con-full e-flex e-con e-parent\" data-id=\"71b0df0\" data-element_type=\"container\">\n\t\t\t\t<div class=\"elementor-element elementor-element-a368599 elementor-widget elementor-widget-text-editor\" data-id=\"a368599\" data-element_type=\"widget\" data-widget_type=\"text-editor.default\">\n\t\t\t\t<div class=\"elementor-widget-container\">\n\t\t\t\t\t\t\t\t\t<p>A plataforma Minha Igreja foi pensada para que rapidamente seja disponibilizado um aplicativo para sua entidade religiosa, com um custo baixo e totalmente customiz\u00e1vel.<\/p><p>Atrav\u00e9s de um aplicativo pr\u00f3prio, sua entidade pode estreitar o relacionamento com os fi\u00e9is, onde voc\u00ea direciona artigos di\u00e1rios, \u00e1udios, v\u00eddeos e tamb\u00e9m os temas institucionais da entidade, de maneira direcionada.<\/p><p>Hoje todas as pessoas t\u00eam celular, mas muitas n\u00e3o tem facilidade com buscas na internet ou acesso a p\u00e1ginas, e um aplicativo pr\u00f3prio pode trazer para mais perto as pessoas com a informa\u00e7\u00e3o filtrada para maior integra\u00e7\u00e3o dos membros.<\/p><p>O aplicativo ser\u00e1 customizado de acordo com a sua entidade, obedecendo cores e artigos j\u00e1 publicados em seu site.<\/p><p>Entendemos que cada ativo \u00e9 \u00fanico em suas caracter\u00edsticas e como ele \u00e9 depreciado no mundo real, por isso nosso app tem infinitas tabelas de deprecia\u00e7\u00e3o totalmente customiz\u00e1veis, bem como caracter\u00edsticas informadas individualmente de acordo com o grupo e subgrupo, cadastrados \u00e0 sua escolha.<\/p><p>Al\u00e9m disso, o sistema cuida da deprecia\u00e7\u00e3o autom\u00e1tica dos valores de seus ativos e tamb\u00e9m lhe possibilita fazer transfer\u00eancias de locais e mudan\u00e7a de estado.<\/p><p>Ah, e estamos dispon\u00edveis em 3 idiomas (Portugu\u00eas, Ingl\u00eas e Espanhol)<\/p>\t\t\t\t\t\t\t\t<\/div>\n\t\t\t\t<\/div>\n\t\t\t\t<\/div>\n\t\t\t\t\t<\/div>\n\t\t\t\t<\/div>\n\t\t<div class=\"elementor-element elementor-element-e02ad4b e-flex e-con-boxed e-con e-parent\" data-id=\"e02ad4b\" data-element_type=\"container\">\n\t\t\t\t\t<div class=\"e-con-inner\">\n\t\t\t\t<div class=\"elementor-element elementor-element-c0a98ca elementor-widget elementor-widget-heading\" data-id=\"c0a98ca\" data-element_type=\"widget\" data-widget_type=\"heading.default\">\n\t\t\t\t<div class=\"elementor-widget-container\">\n\t\t\t\t\t<h2 class=\"elementor-heading-title elementor-size-default\">Algumas das telas do App e Retaguarda do Minha Igreja<\/h2>\t\t\t\t<\/div>\n\t\t\t\t<\/div>\n\t\t\t\t<div class=\"elementor-element elementor-element-37445f9 elementor-widget elementor-widget-image-carousel\" data-id=\"37445f9\" data-element_type=\"widget\" data-settings=\"{&quot;slides_to_show&quot;:&quot;4&quot;,&quot;image_spacing_custom&quot;:{&quot;unit&quot;:&quot;px&quot;,&quot;size&quot;:29,&quot;sizes&quot;:[]},&quot;navigation&quot;:&quot;none&quot;,&quot;pause_on_hover&quot;:&quot;no&quot;,&quot;autoplay_speed&quot;:3000,&quot;autoplay&quot;:&quot;yes&quot;,&quot;pause_on_interaction&quot;:&quot;yes&quot;,&quot;infinite&quot;:&quot;yes&quot;,&quot;speed&quot;:500,&quot;image_spacing_custom_tablet&quot;:{&quot;unit&quot;:&quot;px&quot;,&quot;size&quot;:&quot;&quot;,&quot;sizes&quot;:[]},&quot;image_spacing_custom_mobile&quot;:{&quot;unit&quot;:&quot;px&quot;,&quot;size&quot;:&quot;&quot;,&quot;sizes&quot;:[]}}\" data-widget_type=\"image-carousel.default\">\n\t\t\t\t<div class=\"elementor-widget-container\">\n\t\t\t\t\t\t\t<div class=\"elementor-image-carousel-wrapper swiper\" role=\"region\" aria-roledescription=\"carousel\" aria-label=\"Carrossel de imagens\" dir=\"ltr\">\n\t\t\t<div class=\"elementor-image-carousel swiper-wrapper\" aria-live=\"off\">\n\t\t\t\t\t\t\t\t<div class=\"swiper-slide\" role=\"group\" aria-roledescription=\"slide\" aria-label=\"1 de 7\"><a data-elementor-open-lightbox=\"yes\" data-elementor-lightbox-slideshow=\"37445f9\" data-elementor-lightbox-title=\"IMG_71F50339B131-1\" data-e-action-hash=\"#elementor-action%3Aaction%3Dlightbox%26settings%3DeyJpZCI6MTcyNiwidXJsIjoiaHR0cHM6XC9cL2JhdHRlY25vbG9naWEuY29tXC9zaXRlXC93cC1jb250ZW50XC91cGxvYWRzXC8yMDIyXC8xMlwvSU1HXzcxRjUwMzM5QjEzMS0xLXNjYWxlZC5qcGVnIiwic2xpZGVzaG93IjoiMzc0NDVmOSJ9\" href=\"https:\/\/battecnologia.com\/site\/wp-content\/uploads\/2022\/12\/IMG_71F50339B131-1-scaled.jpeg\"><figure class=\"swiper-slide-inner\"><img decoding=\"async\" class=\"swiper-slide-image\" src=\"https:\/\/battecnologia.com\/site\/wp-content\/uploads\/2022\/12\/IMG_71F50339B131-1-768x1662.jpeg\" alt=\"Tela inicial do aplicativo\" \/><\/figure><\/a><\/div><div class=\"swiper-slide\" role=\"group\" aria-roledescription=\"slide\" aria-label=\"2 de 7\"><a data-elementor-open-lightbox=\"yes\" data-elementor-lightbox-slideshow=\"37445f9\" data-elementor-lightbox-title=\"IMG_990DF9C1B07C-1\" data-e-action-hash=\"#elementor-action%3Aaction%3Dlightbox%26settings%3DeyJpZCI6MTcyNSwidXJsIjoiaHR0cHM6XC9cL2JhdHRlY25vbG9naWEuY29tXC9zaXRlXC93cC1jb250ZW50XC91cGxvYWRzXC8yMDIyXC8xMlwvSU1HXzk5MERGOUMxQjA3Qy0xLXNjYWxlZC5qcGVnIiwic2xpZGVzaG93IjoiMzc0NDVmOSJ9\" href=\"https:\/\/battecnologia.com\/site\/wp-content\/uploads\/2022\/12\/IMG_990DF9C1B07C-1-scaled.jpeg\"><figure class=\"swiper-slide-inner\"><img decoding=\"async\" class=\"swiper-slide-image\" src=\"https:\/\/battecnologia.com\/site\/wp-content\/uploads\/2022\/12\/IMG_990DF9C1B07C-1-768x1662.jpeg\" alt=\"App: Lista de se\u00e7\u00f5es\" \/><\/figure><\/a><\/div><div class=\"swiper-slide\" role=\"group\" aria-roledescription=\"slide\" aria-label=\"3 de 7\"><a data-elementor-open-lightbox=\"yes\" data-elementor-lightbox-slideshow=\"37445f9\" data-elementor-lightbox-title=\"IMG_7E27C1A880E2-1\" data-e-action-hash=\"#elementor-action%3Aaction%3Dlightbox%26settings%3DeyJpZCI6MTcyMywidXJsIjoiaHR0cHM6XC9cL2JhdHRlY25vbG9naWEuY29tXC9zaXRlXC93cC1jb250ZW50XC91cGxvYWRzXC8yMDIyXC8xMlwvSU1HXzdFMjdDMUE4ODBFMi0xLXNjYWxlZC5qcGVnIiwic2xpZGVzaG93IjoiMzc0NDVmOSJ9\" href=\"https:\/\/battecnologia.com\/site\/wp-content\/uploads\/2022\/12\/IMG_7E27C1A880E2-1-scaled.jpeg\"><figure class=\"swiper-slide-inner\"><img decoding=\"async\" class=\"swiper-slide-image\" src=\"https:\/\/battecnologia.com\/site\/wp-content\/uploads\/2022\/12\/IMG_7E27C1A880E2-1-768x1662.jpeg\" alt=\"Formul\u00e1rio de contato pelo App\" \/><\/figure><\/a><\/div><div class=\"swiper-slide\" role=\"group\" aria-roledescription=\"slide\" aria-label=\"4 de 7\"><a data-elementor-open-lightbox=\"yes\" data-elementor-lightbox-slideshow=\"37445f9\" data-elementor-lightbox-title=\"IMG_039A67253329-1\" data-e-action-hash=\"#elementor-action%3Aaction%3Dlightbox%26settings%3DeyJpZCI6MTcyNCwidXJsIjoiaHR0cHM6XC9cL2JhdHRlY25vbG9naWEuY29tXC9zaXRlXC93cC1jb250ZW50XC91cGxvYWRzXC8yMDIyXC8xMlwvSU1HXzAzOUE2NzI1MzMyOS0xLXNjYWxlZC5qcGVnIiwic2xpZGVzaG93IjoiMzc0NDVmOSJ9\" href=\"https:\/\/battecnologia.com\/site\/wp-content\/uploads\/2022\/12\/IMG_039A67253329-1-scaled.jpeg\"><figure class=\"swiper-slide-inner\"><img decoding=\"async\" class=\"swiper-slide-image\" src=\"https:\/\/battecnologia.com\/site\/wp-content\/uploads\/2022\/12\/IMG_039A67253329-1-768x1662.jpeg\" alt=\"Pedido de ora\u00e7\u00e3o pelo app que envia direto para sua entidade\" \/><\/figure><\/a><\/div><div class=\"swiper-slide\" role=\"group\" aria-roledescription=\"slide\" aria-label=\"5 de 7\"><a data-elementor-open-lightbox=\"yes\" data-elementor-lightbox-slideshow=\"37445f9\" data-elementor-lightbox-title=\"mi-retaguarda1\" data-e-action-hash=\"#elementor-action%3Aaction%3Dlightbox%26settings%3DeyJpZCI6MTIyMywidXJsIjoiaHR0cHM6XC9cL2JhdHRlY25vbG9naWEuY29tXC9zaXRlXC93cC1jb250ZW50XC91cGxvYWRzXC8yMDIyXC8xMVwvbWktcmV0YWd1YXJkYTEucG5nIiwic2xpZGVzaG93IjoiMzc0NDVmOSJ9\" href=\"https:\/\/battecnologia.com\/site\/wp-content\/uploads\/2022\/11\/mi-retaguarda1.png\"><figure class=\"swiper-slide-inner\"><img decoding=\"async\" class=\"swiper-slide-image\" src=\"https:\/\/battecnologia.com\/site\/wp-content\/uploads\/2022\/11\/mi-retaguarda1-768x445.png\" alt=\"Retaguarda: Tela principal\" \/><\/figure><\/a><\/div><div class=\"swiper-slide\" role=\"group\" aria-roledescription=\"slide\" aria-label=\"6 de 7\"><a data-elementor-open-lightbox=\"yes\" data-elementor-lightbox-slideshow=\"37445f9\" data-elementor-lightbox-title=\"mi-retaguarda2\" data-e-action-hash=\"#elementor-action%3Aaction%3Dlightbox%26settings%3DeyJpZCI6MTIyNCwidXJsIjoiaHR0cHM6XC9cL2JhdHRlY25vbG9naWEuY29tXC9zaXRlXC93cC1jb250ZW50XC91cGxvYWRzXC8yMDIyXC8xMVwvbWktcmV0YWd1YXJkYTIucG5nIiwic2xpZGVzaG93IjoiMzc0NDVmOSJ9\" href=\"https:\/\/battecnologia.com\/site\/wp-content\/uploads\/2022\/11\/mi-retaguarda2.png\"><figure class=\"swiper-slide-inner\"><img decoding=\"async\" class=\"swiper-slide-image\" src=\"https:\/\/battecnologia.com\/site\/wp-content\/uploads\/2022\/11\/mi-retaguarda2-768x454.png\" alt=\"Tela onde se cadastra os artigos na retaguarda\" \/><\/figure><\/a><\/div><div class=\"swiper-slide\" role=\"group\" aria-roledescription=\"slide\" aria-label=\"7 de 7\"><a data-elementor-open-lightbox=\"yes\" data-elementor-lightbox-slideshow=\"37445f9\" data-elementor-lightbox-title=\"mi-retaguarda3\" data-e-action-hash=\"#elementor-action%3Aaction%3Dlightbox%26settings%3DeyJpZCI6MTIyNSwidXJsIjoiaHR0cHM6XC9cL2JhdHRlY25vbG9naWEuY29tXC9zaXRlXC93cC1jb250ZW50XC91cGxvYWRzXC8yMDIyXC8xMVwvbWktcmV0YWd1YXJkYTMucG5nIiwic2xpZGVzaG93IjoiMzc0NDVmOSJ9\" href=\"https:\/\/battecnologia.com\/site\/wp-content\/uploads\/2022\/11\/mi-retaguarda3.png\"><figure class=\"swiper-slide-inner\"><img decoding=\"async\" class=\"swiper-slide-image\" src=\"https:\/\/battecnologia.com\/site\/wp-content\/uploads\/2022\/11\/mi-retaguarda3-768x595.png\" alt=\"Edi\u00e7\u00e3o de artigo na retaguarda\" \/><\/figure><\/a><\/div>\t\t\t<\/div>\n\t\t\t\t\t\t\t\n\t\t\t\t\t\t\t\t\t<\/div>\n\t\t\t\t\t\t<\/div>\n\t\t\t\t<\/div>\n\t\t\t\t\t<\/div>\n\t\t\t\t<\/div>\n\t\t<div class=\"elementor-element elementor-element-e33b48f e-flex e-con-boxed e-con e-parent\" data-id=\"e33b48f\" data-element_type=\"container\">\n\t\t\t\t\t<div class=\"e-con-inner\">\n\t\t<div class=\"elementor-element elementor-element-a65ca51 e-con-full e-flex e-con e-parent\" data-id=\"a65ca51\" data-element_type=\"container\">\n\t\t\t\t<div class=\"elementor-element elementor-element-e760b81 elementor-widget elementor-widget-heading\" data-id=\"e760b81\" data-element_type=\"widget\" data-widget_type=\"heading.default\">\n\t\t\t\t<div class=\"elementor-widget-container\">\n\t\t\t\t\t<h2 class=\"elementor-heading-title elementor-size-default\">A .BAT cuida de tudo para voc\u00ea: <\/h2>\t\t\t\t<\/div>\n\t\t\t\t<\/div>\n\t\t\t\t<\/div>\n\t\t<div class=\"elementor-element elementor-element-813ace6 e-con-full e-flex e-con e-parent\" data-id=\"813ace6\" data-element_type=\"container\">\n\t\t\t\t<div class=\"elementor-element elementor-element-e16da10 elementor-view-default elementor-position-top elementor-mobile-position-top elementor-widget elementor-widget-icon-box\" data-id=\"e16da10\" data-element_type=\"widget\" data-widget_type=\"icon-box.default\">\n\t\t\t\t<div class=\"elementor-widget-container\">\n\t\t\t\t\t\t\t<div class=\"elementor-icon-box-wrapper\">\n\n\t\t\t\t\t\t<div class=\"elementor-icon-box-icon\">\n\t\t\t\t<span  class=\"elementor-icon\">\n\t\t\t\t<i aria-hidden=\"true\" class=\"fas fa-network-wired\"><\/i>\t\t\t\t<\/span>\n\t\t\t<\/div>\n\t\t\t\n\t\t\t\t\t\t<div class=\"elementor-icon-box-content\">\n\n\t\t\t\t\t\t\t\t\t<h3 class=\"elementor-icon-box-title\">\n\t\t\t\t\t\t<span  >\n\t\t\t\t\t\t\tHospedagem (servidores de backend)\t\t\t\t\t\t<\/span>\n\t\t\t\t\t<\/h3>\n\t\t\t\t\n\t\t\t\t\n\t\t\t<\/div>\n\t\t\t\n\t\t<\/div>\n\t\t\t\t\t\t<\/div>\n\t\t\t\t<\/div>\n\t\t\t\t<\/div>\n\t\t<div class=\"elementor-element elementor-element-ef14fda e-con-full e-flex e-con e-parent\" data-id=\"ef14fda\" data-element_type=\"container\">\n\t\t\t\t<div class=\"elementor-element elementor-element-df23bf2 elementor-view-default elementor-position-top elementor-mobile-position-top elementor-widget elementor-widget-icon-box\" data-id=\"df23bf2\" data-element_type=\"widget\" data-widget_type=\"icon-box.default\">\n\t\t\t\t<div class=\"elementor-widget-container\">\n\t\t\t\t\t\t\t<div class=\"elementor-icon-box-wrapper\">\n\n\t\t\t\t\t\t<div class=\"elementor-icon-box-icon\">\n\t\t\t\t<span  class=\"elementor-icon\">\n\t\t\t\t<i aria-hidden=\"true\" class=\"fas fa-user-shield\"><\/i>\t\t\t\t<\/span>\n\t\t\t<\/div>\n\t\t\t\n\t\t\t\t\t\t<div class=\"elementor-icon-box-content\">\n\n\t\t\t\t\t\t\t\t\t<h3 class=\"elementor-icon-box-title\">\n\t\t\t\t\t\t<span  >\n\t\t\t\t\t\t\tSeguran\u00e7a\t\t\t\t\t\t<\/span>\n\t\t\t\t\t<\/h3>\n\t\t\t\t\n\t\t\t\t\n\t\t\t<\/div>\n\t\t\t\n\t\t<\/div>\n\t\t\t\t\t\t<\/div>\n\t\t\t\t<\/div>\n\t\t\t\t<\/div>\n\t\t<div class=\"elementor-element elementor-element-7ff5bfb e-con-full e-flex e-con e-parent\" data-id=\"7ff5bfb\" data-element_type=\"container\">\n\t\t\t\t<div class=\"elementor-element elementor-element-f8b49d0 elementor-view-default elementor-position-top elementor-mobile-position-top elementor-widget elementor-widget-icon-box\" data-id=\"f8b49d0\" data-element_type=\"widget\" data-widget_type=\"icon-box.default\">\n\t\t\t\t<div class=\"elementor-widget-container\">\n\t\t\t\t\t\t\t<div class=\"elementor-icon-box-wrapper\">\n\n\t\t\t\t\t\t<div class=\"elementor-icon-box-icon\">\n\t\t\t\t<span  class=\"elementor-icon\">\n\t\t\t\t<i aria-hidden=\"true\" class=\"fab fa-android\"><\/i>\t\t\t\t<\/span>\n\t\t\t<\/div>\n\t\t\t\n\t\t\t\t\t\t<div class=\"elementor-icon-box-content\">\n\n\t\t\t\t\t\t\t\t\t<h3 class=\"elementor-icon-box-title\">\n\t\t\t\t\t\t<span  >\n\t\t\t\t\t\t\tDisponibiliza\u00e7\u00e3o do app na Apple Store e Google Play\t\t\t\t\t\t<\/span>\n\t\t\t\t\t<\/h3>\n\t\t\t\t\n\t\t\t\t\n\t\t\t<\/div>\n\t\t\t\n\t\t<\/div>\n\t\t\t\t\t\t<\/div>\n\t\t\t\t<\/div>\n\t\t\t\t<\/div>\n\t\t<div class=\"elementor-element elementor-element-df4bd8c e-con-full e-flex e-con e-parent\" data-id=\"df4bd8c\" data-element_type=\"container\">\n\t\t\t\t<div class=\"elementor-element elementor-element-cab5d85 elementor-view-default elementor-position-top elementor-mobile-position-top elementor-widget elementor-widget-icon-box\" data-id=\"cab5d85\" data-element_type=\"widget\" data-widget_type=\"icon-box.default\">\n\t\t\t\t<div class=\"elementor-widget-container\">\n\t\t\t\t\t\t\t<div class=\"elementor-icon-box-wrapper\">\n\n\t\t\t\t\t\t<div class=\"elementor-icon-box-icon\">\n\t\t\t\t<span  class=\"elementor-icon\">\n\t\t\t\t<i aria-hidden=\"true\" class=\"fab fa-audible\"><\/i>\t\t\t\t<\/span>\n\t\t\t<\/div>\n\t\t\t\n\t\t\t\t\t\t<div class=\"elementor-icon-box-content\">\n\n\t\t\t\t\t\t\t\t\t<h3 class=\"elementor-icon-box-title\">\n\t\t\t\t\t\t<span  >\n\t\t\t\t\t\t\tAtualiza\u00e7\u00f5es autom\u00e1ticas de vers\u00e3o\t\t\t\t\t\t<\/span>\n\t\t\t\t\t<\/h3>\n\t\t\t\t\n\t\t\t\t\n\t\t\t<\/div>\n\t\t\t\n\t\t<\/div>\n\t\t\t\t\t\t<\/div>\n\t\t\t\t<\/div>\n\t\t\t\t<\/div>\n\t\t\t\t\t<\/div>\n\t\t\t\t<\/div>\n\t\t<div class=\"elementor-element elementor-element-0ee9212 e-flex e-con-boxed e-con e-parent\" data-id=\"0ee9212\" data-element_type=\"container\">\n\t\t\t\t\t<div class=\"e-con-inner\">\n\t\t<div class=\"elementor-element elementor-element-13ae814 e-con-full e-flex e-con e-parent\" data-id=\"13ae814\" data-element_type=\"container\">\n\t\t\t\t<div class=\"elementor-element elementor-element-5cdd996 elementor-widget elementor-widget-heading\" data-id=\"5cdd996\" data-element_type=\"widget\" data-widget_type=\"heading.default\">\n\t\t\t\t<div class=\"elementor-widget-container\">\n\t\t\t\t\t<h2 class=\"elementor-heading-title elementor-size-default\">Quanto custa?<\/h2>\t\t\t\t<\/div>\n\t\t\t\t<\/div>\n\t\t\t\t<\/div>\n\t\t<div class=\"elementor-element elementor-element-754d932 e-con-full e-flex e-con e-parent\" data-id=\"754d932\" data-element_type=\"container\">\n\t\t\t\t<div class=\"elementor-element elementor-element-63b32df elementor-widget__width-initial elementor-widget elementor-widget-text-editor\" data-id=\"63b32df\" data-element_type=\"widget\" data-widget_type=\"text-editor.default\">\n\t\t\t\t<div class=\"elementor-widget-container\">\n\t\t\t\t\t\t\t\t\t<p>Muito mais barato que a contrata\u00e7\u00e3o de uma empresa para desenvolvimento personalizado de aplicativo, apesar de ser um desenvolvimento personalizado.<\/p><p>Consulte-nos para um or\u00e7amento personalizado.<\/p>\t\t\t\t\t\t\t\t<\/div>\n\t\t\t\t<\/div>\n\t\t\t\t<\/div>\n\t\t\t\t\t<\/div>\n\t\t\t\t<\/div>\n\t\t\t\t<\/div>\n\t\t","protected":false},"excerpt":{"rendered":"<p>M\u00f3dulos do aplicativo: Retaguarda Web para atualiza\u00e7\u00e3o de conte\u00fado Destaques principais \u00c1rea de contato \u00c1rea de atividades \u00c1rea de Se\u00e7\u00f5es Pedidos de ora\u00e7\u00e3o Possibilidade de agendamento de disponibiliza\u00e7\u00e3o das publica\u00e7\u00f5es A plataforma Minha Igreja foi pensada para que rapidamente seja disponibilizado um aplicativo para sua entidade religiosa, com um custo baixo e totalmente customiz\u00e1vel. Atrav\u00e9s [&hellip;]<\/p>\n","protected":false},"author":3,"featured_media":0,"parent":0,"menu_order":0,"comment_status":"closed","ping_status":"closed","template":"elementor_header_footer","meta":{"om_disable_all_campaigns":false,"inline_featured_image":false,"_monsterinsights_skip_tracking":false,"_monsterinsights_sitenote_active":false,"_monsterinsights_sitenote_note":"","_monsterinsights_sitenote_category":0,"footnotes":""},"class_list":["post-1219","page","type-page","status-publish","hentry"],"aioseo_notices":[],"_links":{"self":[{"href":"https:\/\/battecnologia.com\/site\/wp-json\/wp\/v2\/pages\/1219","targetHints":{"allow":["GET"]}}],"collection":[{"href":"https:\/\/battecnologia.com\/site\/wp-json\/wp\/v2\/pages"}],"about":[{"href":"https:\/\/battecnologia.com\/site\/wp-json\/wp\/v2\/types\/page"}],"author":[{"embeddable":true,"href":"https:\/\/battecnologia.com\/site\/wp-json\/wp\/v2\/users\/3"}],"replies":[{"embeddable":true,"href":"https:\/\/battecnologia.com\/site\/wp-json\/wp\/v2\/comments?post=1219"}],"version-history":[{"count":26,"href":"https:\/\/battecnologia.com\/site\/wp-json\/wp\/v2\/pages\/1219\/revisions"}],"predecessor-version":[{"id":1732,"href":"https:\/\/battecnologia.com\/site\/wp-json\/wp\/v2\/pages\/1219\/revisions\/1732"}],"wp:attachment":[{"href":"https:\/\/battecnologia.com\/site\/wp-json\/wp\/v2\/media?parent=1219"}],"curies":[{"name":"wp","href":"https:\/\/api.w.org\/{rel}","templated":true}]}}