{"id":1233,"date":"2022-11-29T10:39:34","date_gmt":"2022-11-29T13:39:34","guid":{"rendered":"https:\/\/battecnologia.agenciaseujao.com\/?page_id=1233"},"modified":"2023-04-28T18:32:30","modified_gmt":"2023-04-28T21:32:30","slug":"coletores-de-dados","status":"publish","type":"page","link":"https:\/\/battecnologia.com\/site\/coletores-de-dados\/","title":{"rendered":"Coletores de Dados"},"content":{"rendered":"<style>\/*! elementor - v3.9.2 - 21-12-2022 *\/<br \/>\n.elementor-heading-title{padding:0;margin:0;line-height:1}.elementor-widget-heading .elementor-heading-title[class*=elementor-size-]>a{color:inherit;font-size:inherit;line-height:inherit}.elementor-widget-heading .elementor-heading-title.elementor-size-small{font-size:15px}.elementor-widget-heading .elementor-heading-title.elementor-size-medium{font-size:19px}.elementor-widget-heading .elementor-heading-title.elementor-size-large{font-size:29px}.elementor-widget-heading .elementor-heading-title.elementor-size-xl{font-size:39px}.elementor-widget-heading .elementor-heading-title.elementor-size-xxl{font-size:59px}<\/style>\n<h2>Coletores de Dados<\/h2>\n<h2>equipamentos otimizados para opera\u00e7\u00e3o cont\u00ednua e precisa<\/h2>\n<p>Coletores de dados s\u00e3o terminais de m\u00e3o com grande capacidade de processamento, rodando atualmente sistemas Android e com leitores de barras ou RFID que agilizam a coleta de diversas informa\u00e7\u00f5es, seja utilizando seu sistema via RDP\/SSH\/Browser ou APP, seja atrav\u00e9s de nossas solu\u00e7\u00f5es desenvolvidas. Do modelo mais b\u00e1sico ao mais avan\u00e7ado, estamos prontos para oferecer os melhores equipamentos com o melhor custo x benef\u00edcio do mercado e com sistema operacional totalmente otimizado para produ\u00e7\u00e3o.<\/p>\n<p>Voc\u00ea ainda pode personalizar seu modelo dentro de sua necessidade!<\/p>\n<style>\/*! elementor - v3.9.2 - 21-12-2022 *\/<br \/>\n.elementor-widget-image-box .elementor-image-box-content{width:100%}@media (min-width:768px){.elementor-widget-image-box.elementor-position-left .elementor-image-box-wrapper,.elementor-widget-image-box.elementor-position-right .elementor-image-box-wrapper{display:flex}.elementor-widget-image-box.elementor-position-right .elementor-image-box-wrapper{text-align:right;flex-direction:row-reverse}.elementor-widget-image-box.elementor-position-left .elementor-image-box-wrapper{text-align:left;flex-direction:row}.elementor-widget-image-box.elementor-position-top .elementor-image-box-img{margin:auto}.elementor-widget-image-box.elementor-vertical-align-top .elementor-image-box-wrapper{align-items:flex-start}.elementor-widget-image-box.elementor-vertical-align-middle .elementor-image-box-wrapper{align-items:center}.elementor-widget-image-box.elementor-vertical-align-bottom .elementor-image-box-wrapper{align-items:flex-end}}@media (max-width:767px){.elementor-widget-image-box .elementor-image-box-img{margin-left:auto!important;margin-right:auto!important;margin-bottom:15px}}.elementor-widget-image-box .elementor-image-box-img{display:inline-block}.elementor-widget-image-box .elementor-image-box-title a{color:inherit}.elementor-widget-image-box .elementor-image-box-wrapper{text-align:center}.elementor-widget-image-box .elementor-image-box-description{margin:0}<\/style>\n<figure><a href=\"https:\/\/battecnologia.com\/site\/computador-movel-c61\/\"><img loading=\"lazy\" decoding=\"async\" width=\"325\" height=\"325\" src=\"https:\/\/battecnologia.com\/site\/wp-content\/uploads\/2022\/08\/65b3edff-132c-4499-886b-893ce2724703.jpg\" alt=\"\" loading=\"lazy\"><\/a><\/figure>\n<h3><a href=\"https:\/\/battecnologia.com\/site\/computador-movel-c61\/\">C61<\/a><\/h3>\n<p>O mais poderoso dos coletores, altamente customiz\u00e1vel e com op\u00e7\u00e3o de leitura long-range, teclado f\u00edsico alfanum\u00e9rico e bateria poderosa, esse modelo vai atender 100% das necessidades de seu neg\u00f3cio!<\/p>\n<p><a href=\"https:\/\/battecnologia.com\/site\/computador-movel-c61\/\" role=\"button\"><br \/>\nDetalhes do produto<br \/>\n<\/a><\/p>\n<figure><a href=\"https:\/\/battecnologia.com\/site\/c72-leitor-uhf-rfid\/\"><img loading=\"lazy\" decoding=\"async\" width=\"325\" height=\"325\" src=\"https:\/\/battecnologia.com\/site\/wp-content\/uploads\/2022\/08\/2818c207-fb82-468e-96b8-28820f06f009.jpg\" alt=\"\" loading=\"lazy\"><\/a><\/figure>\n<h3><a href=\"https:\/\/battecnologia.com\/site\/c72-leitor-uhf-rfid\/\">C72 &#8211; Eagle X7<\/a><\/h3>\n<p>R\u00e1pido, ergon\u00f4mico e robusto, o C72 \u00e9 perfeito para quem n\u00e3o quer perder tempo. Com ou sem RFID e totalmente customiz\u00e1vel.<\/p>\n<p><a href=\"https:\/\/battecnologia.com\/site\/c72-leitor-uhf-rfid\/\" role=\"button\"><br \/>\nDetalhes do produto<br \/>\n<\/a><\/p>\n<figure><a href=\"https:\/\/battecnologia.com\/site\/mx7800-xr\/\"><img loading=\"lazy\" decoding=\"async\" width=\"325\" height=\"325\" src=\"https:\/\/battecnologia.com\/site\/wp-content\/uploads\/2022\/08\/MX7800-XR-WD-11DC-WD-22DC.png\" alt=\"\" loading=\"lazy\"><\/a><\/figure>\n<h3><a href=\"https:\/\/battecnologia.com\/site\/mx7800-xr\/\">MX7800 &#8211; XR<\/a><\/h3>\n<p>Leve, r\u00e1pido e robusto, o MX7800 \u00e9 ideal para opera\u00e7\u00f5es de invent\u00e1rio e confer\u00eancia com o melhor custo x benef\u00edcio do mercado<\/p>\n<p><a href=\"https:\/\/battecnologia.com\/site\/mx7800-xr\/\" role=\"button\"><br \/>\nEm Breve<br \/>\n<\/a><\/p>\n<figure><a href=\"https:\/\/battecnologia.com\/site\/r6-leitor-r6-uhf-rfid\/\"><img loading=\"lazy\" decoding=\"async\" width=\"325\" height=\"325\" src=\"https:\/\/battecnologia.com\/site\/wp-content\/uploads\/2022\/08\/b7deea47-18a9-49d0-bcad-e8e612f9f62f.jpg\" alt=\"\" loading=\"lazy\"><\/a><\/figure>\n<h3><a href=\"https:\/\/battecnologia.com\/site\/r6-leitor-r6-uhf-rfid\/\">R6 &#8211; PISTOLA LEITORA RFID<\/a><\/h3>\n<p>Transforme facilmente seu aparelho celular ou coletor comum em um poderoso leitor de RFID.  O R6 \u00e9 um equipamento f\u00e1cil de usar e integrar e conecta-se a seu dispositivo por bluetooth<\/p>\n<p><a href=\"https:\/\/battecnologia.com\/site\/r6-leitor-r6-uhf-rfid\/\" role=\"button\"><br \/>\nDetalhes do produto<br \/>\n<\/a><\/p>\n<figure><img loading=\"lazy\" decoding=\"async\" width=\"325\" height=\"325\" src=\"https:\/\/battecnologia.com\/site\/wp-content\/uploads\/2022\/08\/Leitor-RFID-Desktop-R9816.png\" alt=\"\" loading=\"lazy\"><\/figure>\n<h3>Leitor RFID  R9816<\/h3>\n<p>Este equipamento est\u00e1 em homologa\u00e7\u00e3o nos orgaos reguladores<\/p>\n<p><a href=\"https:\/\/battecnologia.com\/site\/leitor-rfid-desktop-r9816\/\" role=\"button\"><br \/>\nEm Breve<br \/>\n<\/a><\/p>\n<h2>Entre em contato com a .BAT Tecnologia<\/h2>\n<p>Deixe seus especialistas livres para pensar em estrat\u00e9gia, enquanto nossas solu\u00e7\u00f5es automatizam sua opera\u00e7\u00e3o. Fale com a .BAT Tecn\u00f3logia e descubra como podemos ajudar a superar seus desafios.<\/p>\n<h2>Quer saber mais?<br \/>\nAgende agora a sua demonstra\u00e7\u00e3o.<\/h2>\n<p>Preencha o formul\u00e1rio para apresentarmos nosso software que vai facilitar a rotina do seu neg\u00f3cio.<\/p>\n","protected":false},"excerpt":{"rendered":"<p>Coletores de Dados equipamentos otimizados para opera\u00e7\u00e3o cont\u00ednua e precisa Coletores de dados s\u00e3o terminais de m\u00e3o com grande capacidade de processamento, rodando atualmente sistemas Android e com leitores de barras ou RFID que agilizam a coleta de diversas informa\u00e7\u00f5es, seja utilizando seu sistema via RDP\/SSH\/Browser ou APP, seja atrav\u00e9s de nossas solu\u00e7\u00f5es desenvolvidas. Do [&hellip;]<\/p>\n","protected":false},"author":3,"featured_media":0,"parent":0,"menu_order":0,"comment_status":"closed","ping_status":"closed","template":"elementor_header_footer","meta":{"om_disable_all_campaigns":false,"inline_featured_image":false,"_monsterinsights_skip_tracking":false,"_monsterinsights_sitenote_active":false,"_monsterinsights_sitenote_note":"","_monsterinsights_sitenote_category":0,"footnotes":""},"class_list":["post-1233","page","type-page","status-publish","hentry"],"aioseo_notices":[],"_links":{"self":[{"href":"https:\/\/battecnologia.com\/site\/wp-json\/wp\/v2\/pages\/1233","targetHints":{"allow":["GET"]}}],"collection":[{"href":"https:\/\/battecnologia.com\/site\/wp-json\/wp\/v2\/pages"}],"about":[{"href":"https:\/\/battecnologia.com\/site\/wp-json\/wp\/v2\/types\/page"}],"author":[{"embeddable":true,"href":"https:\/\/battecnologia.com\/site\/wp-json\/wp\/v2\/users\/3"}],"replies":[{"embeddable":true,"href":"https:\/\/battecnologia.com\/site\/wp-json\/wp\/v2\/comments?post=1233"}],"version-history":[{"count":27,"href":"https:\/\/battecnologia.com\/site\/wp-json\/wp\/v2\/pages\/1233\/revisions"}],"predecessor-version":[{"id":1791,"href":"https:\/\/battecnologia.com\/site\/wp-json\/wp\/v2\/pages\/1233\/revisions\/1791"}],"wp:attachment":[{"href":"https:\/\/battecnologia.com\/site\/wp-json\/wp\/v2\/media?parent=1233"}],"curies":[{"name":"wp","href":"https:\/\/api.w.org\/{rel}","templated":true}]}}