{"id":1251,"date":"2022-11-29T12:07:08","date_gmt":"2022-11-29T15:07:08","guid":{"rendered":"https:\/\/battecnologia.agenciaseujao.com\/?page_id=1251"},"modified":"2022-12-23T17:33:41","modified_gmt":"2022-12-23T20:33:41","slug":"iot","status":"publish","type":"page","link":"https:\/\/battecnologia.com\/site\/iot\/","title":{"rendered":"IOT"},"content":{"rendered":"\t\t<div data-elementor-type=\"wp-page\" data-elementor-id=\"1251\" class=\"elementor elementor-1251\">\n\t\t\t\t<div class=\"elementor-element elementor-element-5080814 e-flex e-con-boxed e-con e-parent\" data-id=\"5080814\" data-element_type=\"container\">\n\t\t\t\t\t<div class=\"e-con-inner\">\n\t\t\t\t<div class=\"elementor-element elementor-element-be93e88 elementor-widget elementor-widget-heading\" data-id=\"be93e88\" data-element_type=\"widget\" data-widget_type=\"heading.default\">\n\t\t\t\t<div class=\"elementor-widget-container\">\n\t\t\t\t\t<h2 class=\"elementor-heading-title elementor-size-default\">O que \u00e9 Internet das Coisas?<\/h2>\t\t\t\t<\/div>\n\t\t\t\t<\/div>\n\t\t\t\t<div class=\"elementor-element elementor-element-0cdc534 elementor-widget elementor-widget-text-editor\" data-id=\"0cdc534\" data-element_type=\"widget\" data-widget_type=\"text-editor.default\">\n\t\t\t\t<div class=\"elementor-widget-container\">\n\t\t\t\t\t\t\t\t\t<p><span style=\"color: #4d5156;\"><span style=\"font-family: Calibri Light, serif;\">Internet das coisas \u00e9 um conceito que se refere \u00e0 interconex\u00e3o digital de objetos cotidianos com a internet, conex\u00e3o dos objetos mais do que das pessoas. Em outras palavras, a internet das coisas nada mais \u00e9 que uma rede de objetos f\u00edsicos capaz de reunir e de transmitir dados.<\/span><\/span><\/p><p><span style=\"color: #4d5156;\"><span style=\"font-family: Calibri Light, serif;\">Esse conceito j\u00e1 esta presente em sua vida, e muitas vezes nem notamos. Possivelmente voc\u00ea tem uma tomada inteligente em casa, ou seu carro \u00e9 conectado a seu celular, ou sua TV pode ser ligada por um comando de voz. Tudo isso \u00e9 internet das coisas. <\/span><\/span><\/p><p><span style=\"color: #4d5156;\"><span style=\"font-family: Calibri Light, serif;\">Exemplo de IOT:<\/span><\/span><\/p><ul><li><p><span style=\"color: #4d5156;\"><span style=\"font-family: Calibri Light, serif;\">Sensores de PH<\/span><\/span><\/p><\/li><li><p><span style=\"color: #4d5156;\"><span style=\"font-family: Calibri Light, serif;\">Beacons<\/span><\/span><\/p><\/li><li><p><span style=\"color: #4d5156;\"><span style=\"font-family: Calibri Light, serif;\">Tomadas inteligentes<\/span><\/span><\/p><\/li><li><p><span style=\"color: #4d5156;\"><span style=\"font-family: Calibri Light, serif;\">Sensores de n\u00edvel de \u00e1gua<\/span><\/span><\/p><\/li><li><p><span style=\"color: #4d5156;\"><span style=\"font-family: Calibri Light, serif;\">Sistemas de rastreamento de ve\u00edculos<\/span><\/span><\/p><\/li><li><p><span style=\"color: #4d5156;\"><span style=\"font-family: Calibri Light, serif;\">Sensores de vibra\u00e7\u00e3o<\/span><\/span><\/p><\/li><\/ul>\t\t\t\t\t\t\t\t<\/div>\n\t\t\t\t<\/div>\n\t\t\t\t<div class=\"elementor-element elementor-element-e590ff6 elementor-arrows-position-outside elementor-pagination-position-outside elementor-widget elementor-widget-image-carousel\" data-id=\"e590ff6\" data-element_type=\"widget\" data-settings=\"{&quot;slides_to_show&quot;:&quot;2&quot;,&quot;image_spacing_custom&quot;:{&quot;unit&quot;:&quot;px&quot;,&quot;size&quot;:11,&quot;sizes&quot;:[]},&quot;navigation&quot;:&quot;both&quot;,&quot;autoplay&quot;:&quot;yes&quot;,&quot;pause_on_hover&quot;:&quot;yes&quot;,&quot;pause_on_interaction&quot;:&quot;yes&quot;,&quot;autoplay_speed&quot;:5000,&quot;infinite&quot;:&quot;yes&quot;,&quot;speed&quot;:500,&quot;image_spacing_custom_tablet&quot;:{&quot;unit&quot;:&quot;px&quot;,&quot;size&quot;:&quot;&quot;,&quot;sizes&quot;:[]},&quot;image_spacing_custom_mobile&quot;:{&quot;unit&quot;:&quot;px&quot;,&quot;size&quot;:&quot;&quot;,&quot;sizes&quot;:[]}}\" data-widget_type=\"image-carousel.default\">\n\t\t\t\t<div class=\"elementor-widget-container\">\n\t\t\t\t\t\t\t<div class=\"elementor-image-carousel-wrapper swiper\" role=\"region\" aria-roledescription=\"carousel\" aria-label=\"Carrossel de imagens\" dir=\"ltr\">\n\t\t\t<div class=\"elementor-image-carousel swiper-wrapper swiper-image-stretch\" aria-live=\"off\">\n\t\t\t\t\t\t\t\t<div class=\"swiper-slide\" role=\"group\" aria-roledescription=\"slide\" aria-label=\"1 de 4\"><a data-elementor-open-lightbox=\"yes\" data-elementor-lightbox-slideshow=\"e590ff6\" data-elementor-lightbox-title=\"1-3\" data-e-action-hash=\"#elementor-action%3Aaction%3Dlightbox%26settings%3DeyJpZCI6MTQ3MSwidXJsIjoiaHR0cHM6XC9cL2JhdHRlY25vbG9naWEuY29tXC9zaXRlXC93cC1jb250ZW50XC91cGxvYWRzXC8yMDIyXC8xMlwvMS0zLnBuZyIsInNsaWRlc2hvdyI6ImU1OTBmZjYifQ%3D%3D\" href=\"https:\/\/battecnologia.com\/site\/wp-content\/uploads\/2022\/12\/1-3.png\"><figure class=\"swiper-slide-inner\"><img decoding=\"async\" class=\"swiper-slide-image\" src=\"https:\/\/battecnologia.com\/site\/wp-content\/uploads\/2022\/12\/1-3.png\" alt=\"1-3\" \/><\/figure><\/a><\/div><div class=\"swiper-slide\" role=\"group\" aria-roledescription=\"slide\" aria-label=\"2 de 4\"><a data-elementor-open-lightbox=\"yes\" data-elementor-lightbox-slideshow=\"e590ff6\" data-elementor-lightbox-title=\"2-2\" data-e-action-hash=\"#elementor-action%3Aaction%3Dlightbox%26settings%3DeyJpZCI6MTQ3MiwidXJsIjoiaHR0cHM6XC9cL2JhdHRlY25vbG9naWEuY29tXC9zaXRlXC93cC1jb250ZW50XC91cGxvYWRzXC8yMDIyXC8xMlwvMi0yLnBuZyIsInNsaWRlc2hvdyI6ImU1OTBmZjYifQ%3D%3D\" href=\"https:\/\/battecnologia.com\/site\/wp-content\/uploads\/2022\/12\/2-2.png\"><figure class=\"swiper-slide-inner\"><img decoding=\"async\" class=\"swiper-slide-image\" src=\"https:\/\/battecnologia.com\/site\/wp-content\/uploads\/2022\/12\/2-2.png\" alt=\"2-2\" \/><\/figure><\/a><\/div><div class=\"swiper-slide\" role=\"group\" aria-roledescription=\"slide\" aria-label=\"3 de 4\"><a data-elementor-open-lightbox=\"yes\" data-elementor-lightbox-slideshow=\"e590ff6\" data-elementor-lightbox-title=\"3-2 (1)\" data-e-action-hash=\"#elementor-action%3Aaction%3Dlightbox%26settings%3DeyJpZCI6MTQ3MywidXJsIjoiaHR0cHM6XC9cL2JhdHRlY25vbG9naWEuY29tXC9zaXRlXC93cC1jb250ZW50XC91cGxvYWRzXC8yMDIyXC8xMlwvMy0yLTEucG5nIiwic2xpZGVzaG93IjoiZTU5MGZmNiJ9\" href=\"https:\/\/battecnologia.com\/site\/wp-content\/uploads\/2022\/12\/3-2-1.png\"><figure class=\"swiper-slide-inner\"><img decoding=\"async\" class=\"swiper-slide-image\" src=\"https:\/\/battecnologia.com\/site\/wp-content\/uploads\/2022\/12\/3-2-1.png\" alt=\"3-2 (1)\" \/><\/figure><\/a><\/div><div class=\"swiper-slide\" role=\"group\" aria-roledescription=\"slide\" aria-label=\"4 de 4\"><a data-elementor-open-lightbox=\"yes\" data-elementor-lightbox-slideshow=\"e590ff6\" data-elementor-lightbox-title=\"4-1 (1)\" data-e-action-hash=\"#elementor-action%3Aaction%3Dlightbox%26settings%3DeyJpZCI6MTQ3NCwidXJsIjoiaHR0cHM6XC9cL2JhdHRlY25vbG9naWEuY29tXC9zaXRlXC93cC1jb250ZW50XC91cGxvYWRzXC8yMDIyXC8xMlwvNC0xLTEucG5nIiwic2xpZGVzaG93IjoiZTU5MGZmNiJ9\" href=\"https:\/\/battecnologia.com\/site\/wp-content\/uploads\/2022\/12\/4-1-1.png\"><figure class=\"swiper-slide-inner\"><img decoding=\"async\" class=\"swiper-slide-image\" src=\"https:\/\/battecnologia.com\/site\/wp-content\/uploads\/2022\/12\/4-1-1.png\" alt=\"4-1 (1)\" \/><\/figure><\/a><\/div>\t\t\t<\/div>\n\t\t\t\t\t\t\t\t\t\t\t\t<div class=\"elementor-swiper-button elementor-swiper-button-prev\" role=\"button\" tabindex=\"0\">\n\t\t\t\t\t\t<i aria-hidden=\"true\" class=\"eicon-chevron-left\"><\/i>\t\t\t\t\t<\/div>\n\t\t\t\t\t<div class=\"elementor-swiper-button elementor-swiper-button-next\" role=\"button\" tabindex=\"0\">\n\t\t\t\t\t\t<i aria-hidden=\"true\" class=\"eicon-chevron-right\"><\/i>\t\t\t\t\t<\/div>\n\t\t\t\t\n\t\t\t\t\t\t\t\t\t<div class=\"swiper-pagination\"><\/div>\n\t\t\t\t\t\t\t\t\t<\/div>\n\t\t\t\t\t\t<\/div>\n\t\t\t\t<\/div>\n\t\t\t\t\t<\/div>\n\t\t\t\t<\/div>\n\t\t<div class=\"elementor-element elementor-element-d656281 e-flex e-con-boxed e-con e-parent\" data-id=\"d656281\" data-element_type=\"container\">\n\t\t\t\t\t<div class=\"e-con-inner\">\n\t\t\t\t<div class=\"elementor-element elementor-element-0ce6c3b elementor-widget elementor-widget-heading\" data-id=\"0ce6c3b\" data-element_type=\"widget\" data-widget_type=\"heading.default\">\n\t\t\t\t<div class=\"elementor-widget-container\">\n\t\t\t\t\t<h2 class=\"elementor-heading-title elementor-size-default\">Como esse conceito pode ajudar meu neg\u00f3cio?<\/h2>\t\t\t\t<\/div>\n\t\t\t\t<\/div>\n\t\t\t\t<div class=\"elementor-element elementor-element-f37fa45 elementor-widget elementor-widget-text-editor\" data-id=\"f37fa45\" data-element_type=\"widget\" data-widget_type=\"text-editor.default\">\n\t\t\t\t<div class=\"elementor-widget-container\">\n\t\t\t\t\t\t\t\t\t<p><span style=\"color: #4d5156;\"><span style=\"font-family: Calibri Light, serif;\">Pode-se criar sensores praticamente para tudo hoje. Imagina que voc\u00ea tem uma f\u00e1brica que produz derivados de leite, e tem caminh\u00f5es que coleta leite em diversos pontos. Podemos criar um sensor para voc\u00ea que mede a acidez do leite em cada ponto de coleta, afim de voc\u00ea medir a qualidade dos fornecedores.<\/span><\/span><\/p><p><span style=\"color: #4d5156;\"><span style=\"font-family: Calibri Light, serif;\">Outro exemplo \u00e9 ter um sensor de vibra\u00e7\u00e3o adaptado nos motores de suas m\u00e1quinas e com o monitoramento da vibra\u00e7\u00e3o enviar alerta se sua m\u00e1quina estiver desalinhada, prevenindo paradas para manuten\u00e7\u00e3o depois que o incidente ocorreu.<\/span><\/span><\/p><p><span style=\"color: #4d5156;\"><span style=\"font-family: Calibri Light, serif;\">E como a .BAT pode ajudar?<\/span><\/span><\/p><p><span style=\"color: #4d5156;\"><span style=\"font-family: Calibri Light, serif;\">Vamos conversar, entender sua necessidade e criar solu\u00e7\u00f5es conectadas afim de integrar seu processo a eventos conectados online. Podemos encontrar produtos no mercado ou at\u00e9 criar tais sensores e dispositivos para atender \u00e0 sua demanda.<\/span><\/span><\/p>\t\t\t\t\t\t\t\t<\/div>\n\t\t\t\t<\/div>\n\t\t\t\t\t<\/div>\n\t\t\t\t<\/div>\n\t\t<div class=\"elementor-element elementor-element-5a30209 e-flex e-con-boxed e-con e-parent\" data-id=\"5a30209\" data-element_type=\"container\" data-settings=\"{&quot;background_background&quot;:&quot;classic&quot;}\">\n\t\t\t\t\t<div class=\"e-con-inner\">\n\t\t<div class=\"elementor-element elementor-element-fa7330b e-con-full e-flex e-con e-parent\" data-id=\"fa7330b\" data-element_type=\"container\">\n\t\t\t\t<div class=\"elementor-element elementor-element-f97946b elementor-widget elementor-widget-heading\" data-id=\"f97946b\" data-element_type=\"widget\" data-widget_type=\"heading.default\">\n\t\t\t\t<div class=\"elementor-widget-container\">\n\t\t\t\t\t<h2 class=\"elementor-heading-title elementor-size-default\">Entre em contato com a .bat Tecnologia<\/h2>\t\t\t\t<\/div>\n\t\t\t\t<\/div>\n\t\t\t\t<div class=\"elementor-element elementor-element-82c5350 elementor-widget elementor-widget-text-editor\" data-id=\"82c5350\" data-element_type=\"widget\" data-widget_type=\"text-editor.default\">\n\t\t\t\t<div class=\"elementor-widget-container\">\n\t\t\t\t\t\t\t\t\t<p><span style=\"vertical-align: inherit;\"><span style=\"vertical-align: inherit;\"><span style=\"vertical-align: inherit;\"><span style=\"vertical-align: inherit;\">Deixe seus especialistas livres para pensar em estrat\u00e9gia, enquanto nossas solu\u00e7\u00f5es automatizam sua opera\u00e7\u00e3o. Fale com a .bat Tecn\u00f3logia e descubra como podemos ajudar a superar seus desafios.<\/span><\/span><\/span><\/span><\/p>\t\t\t\t\t\t\t\t<\/div>\n\t\t\t\t<\/div>\n\t\t\t\t<\/div>\n\t\t<div class=\"elementor-element elementor-element-fef0ff0 e-con-full e-flex e-con e-parent\" data-id=\"fef0ff0\" data-element_type=\"container\">\n\t\t\t\t<div class=\"elementor-element elementor-element-efa9932 elementor-widget elementor-widget-heading\" data-id=\"efa9932\" data-element_type=\"widget\" data-widget_type=\"heading.default\">\n\t\t\t\t<div class=\"elementor-widget-container\">\n\t\t\t\t\t<h2 class=\"elementor-heading-title elementor-size-default\">Quer saber mais? <br>Agende agora a sua demonstra\u00e7\u00e3o.<\/h2>\t\t\t\t<\/div>\n\t\t\t\t<\/div>\n\t\t\t\t<div class=\"elementor-element elementor-element-062aee2 elementor-widget elementor-widget-text-editor\" data-id=\"062aee2\" data-element_type=\"widget\" data-widget_type=\"text-editor.default\">\n\t\t\t\t<div class=\"elementor-widget-container\">\n\t\t\t\t\t\t\t\t\t<p>Preencha o formul\u00e1rio para apresentarmos nosso software que vai facilitar a rotina do seu neg\u00f3cio.<\/p>\t\t\t\t\t\t\t\t<\/div>\n\t\t\t\t<\/div>\n\t\t\t\t<div class=\"elementor-element elementor-element-1a06cbe elementor-button-align-center elementor-widget elementor-widget-form\" data-id=\"1a06cbe\" data-element_type=\"widget\" data-settings=\"{&quot;step_next_label&quot;:&quot;Next&quot;,&quot;step_previous_label&quot;:&quot;Previous&quot;,&quot;button_width&quot;:&quot;100&quot;,&quot;step_type&quot;:&quot;number_text&quot;,&quot;step_icon_shape&quot;:&quot;circle&quot;}\" data-widget_type=\"form.default\">\n\t\t\t\t<div class=\"elementor-widget-container\">\n\t\t\t\t\t\t\t<form class=\"elementor-form\" method=\"post\" name=\"New Form\">\n\t\t\t<input type=\"hidden\" name=\"post_id\" value=\"1251\"\/>\n\t\t\t<input type=\"hidden\" name=\"form_id\" value=\"1a06cbe\"\/>\n\t\t\t<input type=\"hidden\" name=\"referer_title\" value=\"\" \/>\n\n\t\t\t\n\t\t\t<div class=\"elementor-form-fields-wrapper elementor-labels-\">\n\t\t\t\t\t\t\t\t<div class=\"elementor-field-type-text elementor-field-group elementor-column elementor-field-group-name elementor-col-100\">\n\t\t\t\t\t\t\t\t\t\t\t\t<label for=\"form-field-name\" class=\"elementor-field-label elementor-screen-only\">\n\t\t\t\t\t\t\t\tNome\t\t\t\t\t\t\t<\/label>\n\t\t\t\t\t\t\t\t\t\t\t\t\t\t<input size=\"1\" type=\"text\" name=\"form_fields[name]\" id=\"form-field-name\" class=\"elementor-field elementor-size-sm  elementor-field-textual\" placeholder=\"Nome *\">\n\t\t\t\t\t\t\t\t\t\t\t<\/div>\n\t\t\t\t\t\t\t\t<div class=\"elementor-field-type-email elementor-field-group elementor-column elementor-field-group-email elementor-col-100 elementor-field-required\">\n\t\t\t\t\t\t\t\t\t\t\t\t<label for=\"form-field-email\" class=\"elementor-field-label elementor-screen-only\">\n\t\t\t\t\t\t\t\tEmail\t\t\t\t\t\t\t<\/label>\n\t\t\t\t\t\t\t\t\t\t\t\t\t\t<input size=\"1\" type=\"email\" name=\"form_fields[email]\" id=\"form-field-email\" class=\"elementor-field elementor-size-sm  elementor-field-textual\" placeholder=\"Email *\" required=\"required\" aria-required=\"true\">\n\t\t\t\t\t\t\t\t\t\t\t<\/div>\n\t\t\t\t\t\t\t\t<div class=\"elementor-field-type-tel elementor-field-group elementor-column elementor-field-group-field_bd3566d elementor-col-100 elementor-field-required\">\n\t\t\t\t\t\t\t\t\t\t\t\t<label for=\"form-field-field_bd3566d\" class=\"elementor-field-label elementor-screen-only\">\n\t\t\t\t\t\t\t\tWhatsapp\t\t\t\t\t\t\t<\/label>\n\t\t\t\t\t\t\t\t<input size=\"1\" type=\"tel\" name=\"form_fields[field_bd3566d]\" id=\"form-field-field_bd3566d\" class=\"elementor-field elementor-size-sm  elementor-field-textual\" placeholder=\"Telefone\/Whatsapp *\" required=\"required\" aria-required=\"true\" pattern=\"[0-9()#&amp;+*-=.]+\" title=\"Only numbers and phone characters (#, -, *, etc) are accepted.\">\n\n\t\t\t\t\t\t<\/div>\n\t\t\t\t\t\t\t\t<div class=\"elementor-field-type-select elementor-field-group elementor-column elementor-field-group-field_de2724c elementor-col-100 elementor-field-required\">\n\t\t\t\t\t\t\t\t\t\t\t\t<label for=\"form-field-field_de2724c\" class=\"elementor-field-label elementor-screen-only\">\n\t\t\t\t\t\t\t\tRegime da Empresa\t\t\t\t\t\t\t<\/label>\n\t\t\t\t\t\t\t\t<div class=\"elementor-field elementor-select-wrapper \">\n\t\t\t<select name=\"form_fields[field_de2724c]\" id=\"form-field-field_de2724c\" class=\"elementor-field-textual elementor-size-sm\" required=\"required\" aria-required=\"true\">\n\t\t\t\t\t\t\t\t\t<option value=\"Regime da Empresa\">Regime da Empresa<\/option>\n\t\t\t\t\t\t\t\t\t<option value=\"Regime Normal\">Regime Normal<\/option>\n\t\t\t\t\t\t\t\t\t<option value=\"Simples Nacional\">Simples Nacional<\/option>\n\t\t\t\t\t\t\t\t\t<option value=\"MEI\">MEI<\/option>\n\t\t\t\t\t\t\t\t\t<option value=\"Ainda n\u00e3o possuo empresa\">Ainda n\u00e3o possuo empresa<\/option>\n\t\t\t\t\t\t\t<\/select>\n\t\t<\/div>\n\t\t\t\t\t\t<\/div>\n\t\t\t\t\t\t\t\t<div class=\"elementor-field-group elementor-column elementor-field-type-submit elementor-col-100 e-form__buttons\">\n\t\t\t\t\t<button type=\"submit\" class=\"elementor-button elementor-size-lg\">\n\t\t\t\t\t\t<span >\n\t\t\t\t\t\t\t\t\t\t\t\t\t\t\t<span class=\" elementor-button-icon\">\n\t\t\t\t\t\t\t\t\t\t\t\t\t\t\t\t\t\t\t\t\t\t\t\t\t\t<\/span>\n\t\t\t\t\t\t\t\t\t\t\t\t\t\t\t\t\t\t\t\t\t\t<span class=\"elementor-button-text\">QUERO AGENDAR<\/span>\n\t\t\t\t\t\t\t\t\t\t\t\t\t<\/span>\n\t\t\t\t\t<\/button>\n\t\t\t\t<\/div>\n\t\t\t<\/div>\n\t\t<\/form>\n\t\t\t\t\t\t<\/div>\n\t\t\t\t<\/div>\n\t\t\t\t<\/div>\n\t\t\t\t\t<\/div>\n\t\t\t\t<\/div>\n\t\t\t\t<\/div>\n\t\t","protected":false},"excerpt":{"rendered":"<p>O que \u00e9 Internet das Coisas? Internet das coisas \u00e9 um conceito que se refere \u00e0 interconex\u00e3o digital de objetos cotidianos com a internet, conex\u00e3o dos objetos mais do que das pessoas. Em outras palavras, a internet das coisas nada mais \u00e9 que uma rede de objetos f\u00edsicos capaz de reunir e de transmitir dados. [&hellip;]<\/p>\n","protected":false},"author":3,"featured_media":0,"parent":0,"menu_order":0,"comment_status":"closed","ping_status":"closed","template":"elementor_header_footer","meta":{"om_disable_all_campaigns":false,"inline_featured_image":false,"_monsterinsights_skip_tracking":false,"_monsterinsights_sitenote_active":false,"_monsterinsights_sitenote_note":"","_monsterinsights_sitenote_category":0,"footnotes":""},"class_list":["post-1251","page","type-page","status-publish","hentry"],"aioseo_notices":[],"_links":{"self":[{"href":"https:\/\/battecnologia.com\/site\/wp-json\/wp\/v2\/pages\/1251","targetHints":{"allow":["GET"]}}],"collection":[{"href":"https:\/\/battecnologia.com\/site\/wp-json\/wp\/v2\/pages"}],"about":[{"href":"https:\/\/battecnologia.com\/site\/wp-json\/wp\/v2\/types\/page"}],"author":[{"embeddable":true,"href":"https:\/\/battecnologia.com\/site\/wp-json\/wp\/v2\/users\/3"}],"replies":[{"embeddable":true,"href":"https:\/\/battecnologia.com\/site\/wp-json\/wp\/v2\/comments?post=1251"}],"version-history":[{"count":7,"href":"https:\/\/battecnologia.com\/site\/wp-json\/wp\/v2\/pages\/1251\/revisions"}],"predecessor-version":[{"id":1477,"href":"https:\/\/battecnologia.com\/site\/wp-json\/wp\/v2\/pages\/1251\/revisions\/1477"}],"wp:attachment":[{"href":"https:\/\/battecnologia.com\/site\/wp-json\/wp\/v2\/media?parent=1251"}],"curies":[{"name":"wp","href":"https:\/\/api.w.org\/{rel}","templated":true}]}}