{"id":1276,"date":"2022-11-29T12:45:44","date_gmt":"2022-11-29T15:45:44","guid":{"rendered":"https:\/\/battecnologia.agenciaseujao.com\/?page_id=1276"},"modified":"2022-12-26T15:53:47","modified_gmt":"2022-12-26T18:53:47","slug":"equipamentos","status":"publish","type":"page","link":"https:\/\/battecnologia.com\/site\/equipamentos\/","title":{"rendered":"Equipamentos"},"content":{"rendered":"\t\t<div data-elementor-type=\"wp-page\" data-elementor-id=\"1276\" class=\"elementor elementor-1276\">\n\t\t\t\t<div class=\"elementor-element elementor-element-5080814 e-flex e-con-boxed e-con e-parent\" data-id=\"5080814\" data-element_type=\"container\">\n\t\t\t\t\t<div class=\"e-con-inner\">\n\t\t\t\t<div class=\"elementor-element elementor-element-be93e88 elementor-widget elementor-widget-heading\" data-id=\"be93e88\" data-element_type=\"widget\" data-widget_type=\"heading.default\">\n\t\t\t\t<div class=\"elementor-widget-container\">\n\t\t\t\t\t<h2 class=\"elementor-heading-title elementor-size-default\">Equipamentos<\/h2>\t\t\t\t<\/div>\n\t\t\t\t<\/div>\n\t\t\t\t<div class=\"elementor-element elementor-element-ea74ee7 elementor-widget elementor-widget-heading\" data-id=\"ea74ee7\" data-element_type=\"widget\" data-widget_type=\"heading.default\">\n\t\t\t\t<div class=\"elementor-widget-container\">\n\t\t\t\t\t<h2 class=\"elementor-heading-title elementor-size-default\">A .BAT est\u00e1 pronta para atender a seu neg\u00f3cio com os mais modernos equipamentos. Seja com coletores sedados, RFID e internet das coisas.<\/h2>\t\t\t\t<\/div>\n\t\t\t\t<\/div>\n\t\t<div class=\"elementor-element elementor-element-326b49e e-con-full e-flex e-con e-parent\" data-id=\"326b49e\" data-element_type=\"container\">\n\t\t<div class=\"elementor-element elementor-element-e817f51 e-flex e-con-boxed e-con e-parent\" data-id=\"e817f51\" data-element_type=\"container\">\n\t\t\t\t\t<div class=\"e-con-inner\">\n\t\t<div class=\"elementor-element elementor-element-d39beae e-con-full e-flex e-con e-parent\" data-id=\"d39beae\" data-element_type=\"container\">\n\t\t\t\t<div class=\"elementor-element elementor-element-152be40 elementor-position-top elementor-widget elementor-widget-image-box\" data-id=\"152be40\" data-element_type=\"widget\" data-widget_type=\"image-box.default\">\n\t\t\t\t<div class=\"elementor-widget-container\">\n\t\t\t\t\t<div class=\"elementor-image-box-wrapper\"><figure class=\"elementor-image-box-img\"><img fetchpriority=\"high\" decoding=\"async\" width=\"325\" height=\"325\" src=\"https:\/\/battecnologia.com\/site\/wp-content\/uploads\/2022\/08\/65b3edff-132c-4499-886b-893ce2724703.jpg\" class=\"attachment-full size-full wp-image-384\" alt=\"\" srcset=\"https:\/\/battecnologia.com\/site\/wp-content\/uploads\/2022\/08\/65b3edff-132c-4499-886b-893ce2724703.jpg 325w, https:\/\/battecnologia.com\/site\/wp-content\/uploads\/2022\/08\/65b3edff-132c-4499-886b-893ce2724703-300x300.jpg 300w, https:\/\/battecnologia.com\/site\/wp-content\/uploads\/2022\/08\/65b3edff-132c-4499-886b-893ce2724703-150x150.jpg 150w\" sizes=\"(max-width: 325px) 100vw, 325px\" \/><\/figure><div class=\"elementor-image-box-content\"><h3 class=\"elementor-image-box-title\">COLETORES DE DADOS<\/h3><p class=\"elementor-image-box-description\">Perfeitos para sua empresa de invent\u00e1rio, ind\u00fastria, varejo ou log\u00edstica, os coletores de dados ajudam muito a otimizar seu processo com agilidade, dispensando de vez a velha prancheta.<\/p><\/div><\/div>\t\t\t\t<\/div>\n\t\t\t\t<\/div>\n\t\t\t\t<div class=\"elementor-element elementor-element-4eb4051 elementor-align-center elementor-widget elementor-widget-button\" data-id=\"4eb4051\" data-element_type=\"widget\" data-widget_type=\"button.default\">\n\t\t\t\t<div class=\"elementor-widget-container\">\n\t\t\t\t\t\t\t\t\t<div class=\"elementor-button-wrapper\">\n\t\t\t\t\t<a class=\"elementor-button elementor-button-link elementor-size-xs\" href=\"https:\/\/battecnologia.com\/site\/coletores-de-dados\/\">\n\t\t\t\t\t\t<span class=\"elementor-button-content-wrapper\">\n\t\t\t\t\t\t\t\t\t<span class=\"elementor-button-text\">Saiba mais<\/span>\n\t\t\t\t\t<\/span>\n\t\t\t\t\t<\/a>\n\t\t\t\t<\/div>\n\t\t\t\t\t\t\t\t<\/div>\n\t\t\t\t<\/div>\n\t\t\t\t<\/div>\n\t\t<div class=\"elementor-element elementor-element-a93585e e-con-full e-flex e-con e-parent\" data-id=\"a93585e\" data-element_type=\"container\">\n\t\t\t\t<div class=\"elementor-element elementor-element-0bf6e5d elementor-position-top elementor-widget elementor-widget-image-box\" data-id=\"0bf6e5d\" data-element_type=\"widget\" data-widget_type=\"image-box.default\">\n\t\t\t\t<div class=\"elementor-widget-container\">\n\t\t\t\t\t<div class=\"elementor-image-box-wrapper\"><figure class=\"elementor-image-box-img\"><a href=\"https:\/\/battecnologia.com\/site\/rfid\/\" tabindex=\"-1\"><img decoding=\"async\" width=\"325\" height=\"325\" src=\"https:\/\/battecnologia.com\/site\/wp-content\/uploads\/2022\/08\/b7deea47-18a9-49d0-bcad-e8e612f9f62f.jpg\" class=\"attachment-full size-full wp-image-386\" alt=\"\" srcset=\"https:\/\/battecnologia.com\/site\/wp-content\/uploads\/2022\/08\/b7deea47-18a9-49d0-bcad-e8e612f9f62f.jpg 325w, https:\/\/battecnologia.com\/site\/wp-content\/uploads\/2022\/08\/b7deea47-18a9-49d0-bcad-e8e612f9f62f-300x300.jpg 300w, https:\/\/battecnologia.com\/site\/wp-content\/uploads\/2022\/08\/b7deea47-18a9-49d0-bcad-e8e612f9f62f-150x150.jpg 150w\" sizes=\"(max-width: 325px) 100vw, 325px\" \/><\/a><\/figure><div class=\"elementor-image-box-content\"><h3 class=\"elementor-image-box-title\"><a href=\"https:\/\/battecnologia.com\/site\/rfid\/\">RFID - IDENTIFICA\u00c7\u00c3O POR RADIOFREQU\u00caNCIA<\/a><\/h3><p class=\"elementor-image-box-description\">Substitutos da leitura pe\u00e7a a pe\u00e7a do c\u00f3digo de barras, o RFID vai levar seu neg\u00f3cio para o pr\u00f3ximo n\u00edvel, com velocidade e acuracidade incr\u00edveis.<\/p><\/div><\/div>\t\t\t\t<\/div>\n\t\t\t\t<\/div>\n\t\t\t\t<div class=\"elementor-element elementor-element-785025b elementor-align-center elementor-widget elementor-widget-button\" data-id=\"785025b\" data-element_type=\"widget\" data-widget_type=\"button.default\">\n\t\t\t\t<div class=\"elementor-widget-container\">\n\t\t\t\t\t\t\t\t\t<div class=\"elementor-button-wrapper\">\n\t\t\t\t\t<a class=\"elementor-button elementor-button-link elementor-size-xs\" href=\"https:\/\/battecnologia.com\/site\/rfid\/\">\n\t\t\t\t\t\t<span class=\"elementor-button-content-wrapper\">\n\t\t\t\t\t\t\t\t\t<span class=\"elementor-button-text\">Saiba mais<\/span>\n\t\t\t\t\t<\/span>\n\t\t\t\t\t<\/a>\n\t\t\t\t<\/div>\n\t\t\t\t\t\t\t\t<\/div>\n\t\t\t\t<\/div>\n\t\t\t\t<\/div>\n\t\t<div class=\"elementor-element elementor-element-fac0d71 e-con-full e-flex e-con e-parent\" data-id=\"fac0d71\" data-element_type=\"container\">\n\t\t\t\t<div class=\"elementor-element elementor-element-1782272 elementor-position-top elementor-widget elementor-widget-image-box\" data-id=\"1782272\" data-element_type=\"widget\" data-widget_type=\"image-box.default\">\n\t\t\t\t<div class=\"elementor-widget-container\">\n\t\t\t\t\t<div class=\"elementor-image-box-wrapper\"><figure class=\"elementor-image-box-img\"><a href=\"https:\/\/battecnologia.com\/site\/iot\/\" tabindex=\"-1\"><img decoding=\"async\" width=\"400\" height=\"400\" src=\"https:\/\/battecnologia.com\/site\/wp-content\/uploads\/2022\/11\/wifimodule.jpg.webp\" class=\"attachment-full size-full wp-image-1257\" alt=\"\" srcset=\"https:\/\/battecnologia.com\/site\/wp-content\/uploads\/2022\/11\/wifimodule.jpg.webp 400w, https:\/\/battecnologia.com\/site\/wp-content\/uploads\/2022\/11\/wifimodule.jpg-300x300.webp 300w, https:\/\/battecnologia.com\/site\/wp-content\/uploads\/2022\/11\/wifimodule.jpg-150x150.webp 150w\" sizes=\"(max-width: 400px) 100vw, 400px\" \/><\/a><\/figure><div class=\"elementor-image-box-content\"><h3 class=\"elementor-image-box-title\"><a href=\"https:\/\/battecnologia.com\/site\/iot\/\">I.O.T.<\/a><\/h3><p class=\"elementor-image-box-description\">Conecte tudo \u00e0 internet. Com os equipamentos \"Internet das coisas\" podemos criar qualquer equipamento integrado conectado a seu processo, sejam eles sensores, rel\u00e9s, IHM, tanques e maquin\u00e1rio industrial.<\/p><\/div><\/div>\t\t\t\t<\/div>\n\t\t\t\t<\/div>\n\t\t\t\t<div class=\"elementor-element elementor-element-7c36df2 elementor-align-center elementor-widget elementor-widget-button\" data-id=\"7c36df2\" data-element_type=\"widget\" data-widget_type=\"button.default\">\n\t\t\t\t<div class=\"elementor-widget-container\">\n\t\t\t\t\t\t\t\t\t<div class=\"elementor-button-wrapper\">\n\t\t\t\t\t<a class=\"elementor-button elementor-button-link elementor-size-xs\" href=\"https:\/\/battecnologia.com\/site\/iot\/\">\n\t\t\t\t\t\t<span class=\"elementor-button-content-wrapper\">\n\t\t\t\t\t\t\t\t\t<span class=\"elementor-button-text\">Saiba mais<\/span>\n\t\t\t\t\t<\/span>\n\t\t\t\t\t<\/a>\n\t\t\t\t<\/div>\n\t\t\t\t\t\t\t\t<\/div>\n\t\t\t\t<\/div>\n\t\t\t\t<\/div>\n\t\t\t\t\t<\/div>\n\t\t\t\t<\/div>\n\t\t\t\t<\/div>\n\t\t\t\t\t<\/div>\n\t\t\t\t<\/div>\n\t\t\t\t<\/div>\n\t\t","protected":false},"excerpt":{"rendered":"<p>Equipamentos A .BAT est\u00e1 pronta para atender a seu neg\u00f3cio com os mais modernos equipamentos. Seja com coletores sedados, RFID e internet das coisas. COLETORES DE DADOS Perfeitos para sua empresa de invent\u00e1rio, ind\u00fastria, varejo ou log\u00edstica, os coletores de dados ajudam muito a otimizar seu processo com agilidade, dispensando de vez a velha prancheta. [&hellip;]<\/p>\n","protected":false},"author":3,"featured_media":0,"parent":0,"menu_order":0,"comment_status":"closed","ping_status":"closed","template":"elementor_header_footer","meta":{"om_disable_all_campaigns":false,"inline_featured_image":false,"_monsterinsights_skip_tracking":false,"_monsterinsights_sitenote_active":false,"_monsterinsights_sitenote_note":"","_monsterinsights_sitenote_category":0,"footnotes":""},"class_list":["post-1276","page","type-page","status-publish","hentry"],"aioseo_notices":[],"_links":{"self":[{"href":"https:\/\/battecnologia.com\/site\/wp-json\/wp\/v2\/pages\/1276","targetHints":{"allow":["GET"]}}],"collection":[{"href":"https:\/\/battecnologia.com\/site\/wp-json\/wp\/v2\/pages"}],"about":[{"href":"https:\/\/battecnologia.com\/site\/wp-json\/wp\/v2\/types\/page"}],"author":[{"embeddable":true,"href":"https:\/\/battecnologia.com\/site\/wp-json\/wp\/v2\/users\/3"}],"replies":[{"embeddable":true,"href":"https:\/\/battecnologia.com\/site\/wp-json\/wp\/v2\/comments?post=1276"}],"version-history":[{"count":28,"href":"https:\/\/battecnologia.com\/site\/wp-json\/wp\/v2\/pages\/1276\/revisions"}],"predecessor-version":[{"id":1560,"href":"https:\/\/battecnologia.com\/site\/wp-json\/wp\/v2\/pages\/1276\/revisions\/1560"}],"wp:attachment":[{"href":"https:\/\/battecnologia.com\/site\/wp-json\/wp\/v2\/media?parent=1276"}],"curies":[{"name":"wp","href":"https:\/\/api.w.org\/{rel}","templated":true}]}}